{"id":31651,"date":"2025-01-13T15:18:17","date_gmt":"2025-01-13T20:18:17","guid":{"rendered":"https:\/\/camptournesol.ca\/inscription-par-courriel\/"},"modified":"2026-03-19T17:51:47","modified_gmt":"2026-03-19T21:51:47","slug":"inscription-par-courriel","status":"publish","type":"page","link":"https:\/\/camptournesol.ca\/fr\/inscription-par-courriel\/","title":{"rendered":"Inscription par e-mail"},"content":{"rendered":"\t\t<div data-elementor-type=\"wp-page\" data-elementor-id=\"31651\" class=\"elementor elementor-31651 elementor-29382\" data-elementor-post-type=\"page\">\n\t\t\t\t<div class=\"elementor-element elementor-element-c3e7757 e-flex e-con-boxed e-con e-child\" data-id=\"c3e7757\" data-element_type=\"container\" data-e-type=\"container\" data-settings=\"{&quot;background_background&quot;:&quot;classic&quot;}\">\n\t\t\t\t\t<div class=\"e-con-inner\">\n\t\t\t\t<div class=\"elementor-element elementor-element-17b1d99 elementor-absolute elementor-widget elementor-widget-image\" data-id=\"17b1d99\" data-element_type=\"widget\" data-e-type=\"widget\" data-settings=\"{&quot;_position&quot;:&quot;absolute&quot;}\" data-widget_type=\"image.default\">\n\t\t\t\t<div class=\"elementor-widget-container\">\n\t\t\t\t\t\t\t\t\t\t\t\t\t\t\t<img decoding=\"async\" width=\"1920\" height=\"23\" src=\"https:\/\/camptournesol.ca\/wp-content\/uploads\/2024\/12\/Vector-23.png\" class=\"attachment-full size-full wp-image-31425\" alt=\"\" srcset=\"https:\/\/camptournesol.ca\/wp-content\/uploads\/2024\/12\/Vector-23.png 1920w, https:\/\/camptournesol.ca\/wp-content\/uploads\/2024\/12\/Vector-23-300x4.png 300w, https:\/\/camptournesol.ca\/wp-content\/uploads\/2024\/12\/Vector-23-1024x12.png 1024w, https:\/\/camptournesol.ca\/wp-content\/uploads\/2024\/12\/Vector-23-768x9.png 768w, https:\/\/camptournesol.ca\/wp-content\/uploads\/2024\/12\/Vector-23-1536x18.png 1536w\" sizes=\"(max-width: 1920px) 100vw, 1920px\" \/>\t\t\t\t\t\t\t\t\t\t\t\t\t\t\t<\/div>\n\t\t\t\t<\/div>\n\t\t<div class=\"elementor-element elementor-element-9ee2320 e-con-full e-flex e-con e-child\" data-id=\"9ee2320\" data-element_type=\"container\" data-e-type=\"container\" data-settings=\"{&quot;background_background&quot;:&quot;classic&quot;}\">\n\t\t\t\t<div class=\"elementor-element elementor-element-06103c8 elementor-widget elementor-widget-heading\" data-id=\"06103c8\" data-element_type=\"widget\" data-e-type=\"widget\" data-widget_type=\"heading.default\">\n\t\t\t\t<div class=\"elementor-widget-container\">\n\t\t\t\t\t<h1 class=\"elementor-heading-title elementor-size-default\">Inscription par e-mail<\/h1>\t\t\t\t<\/div>\n\t\t\t\t<\/div>\n\t\t\t\t<\/div>\n\t\t\t\t\t<\/div>\n\t\t\t\t<\/div>\n\t\t<div class=\"elementor-element elementor-element-f728ca4 e-flex e-con-boxed e-con e-parent\" data-id=\"f728ca4\" data-element_type=\"container\" data-e-type=\"container\" data-settings=\"{&quot;background_background&quot;:&quot;classic&quot;}\">\n\t\t\t\t\t<div class=\"e-con-inner\">\n\t\t<div class=\"elementor-element elementor-element-c889b60 e-con-full e-flex e-con e-child\" data-id=\"c889b60\" data-element_type=\"container\" data-e-type=\"container\">\n\t\t\t\t<div class=\"elementor-element elementor-element-b61d471 elementor-widget elementor-widget-image\" data-id=\"b61d471\" data-element_type=\"widget\" data-e-type=\"widget\" data-widget_type=\"image.default\">\n\t\t\t\t<div class=\"elementor-widget-container\">\n\t\t\t\t\t\t\t\t\t\t\t\t\t\t\t<img fetchpriority=\"high\" decoding=\"async\" width=\"555\" height=\"573\" src=\"https:\/\/camptournesol.ca\/wp-content\/uploads\/2025\/01\/555x573.jpg\" class=\"attachment-large size-large wp-image-31653\" alt=\"\" srcset=\"https:\/\/camptournesol.ca\/wp-content\/uploads\/2025\/01\/555x573.jpg 555w, https:\/\/camptournesol.ca\/wp-content\/uploads\/2025\/01\/555x573-291x300.jpg 291w\" sizes=\"(max-width: 555px) 100vw, 555px\" \/>\t\t\t\t\t\t\t\t\t\t\t\t\t\t\t<\/div>\n\t\t\t\t<\/div>\n\t\t\t\t<div class=\"elementor-element elementor-element-86f373f elementor-absolute elementor-widget elementor-widget-image\" data-id=\"86f373f\" data-element_type=\"widget\" data-e-type=\"widget\" data-settings=\"{&quot;_position&quot;:&quot;absolute&quot;}\" data-widget_type=\"image.default\">\n\t\t\t\t<div class=\"elementor-widget-container\">\n\t\t\t\t\t\t\t\t\t\t\t\t\t\t\t<img decoding=\"async\" width=\"536\" height=\"536\" src=\"https:\/\/camptournesol.ca\/wp-content\/uploads\/2024\/12\/Ellipse-27.png\" class=\"attachment-large size-large wp-image-31504\" alt=\"\" srcset=\"https:\/\/camptournesol.ca\/wp-content\/uploads\/2024\/12\/Ellipse-27.png 536w, https:\/\/camptournesol.ca\/wp-content\/uploads\/2024\/12\/Ellipse-27-300x300.png 300w, https:\/\/camptournesol.ca\/wp-content\/uploads\/2024\/12\/Ellipse-27-150x150.png 150w\" sizes=\"(max-width: 536px) 100vw, 536px\" \/>\t\t\t\t\t\t\t\t\t\t\t\t\t\t\t<\/div>\n\t\t\t\t<\/div>\n\t\t\t\t<\/div>\n\t\t<div class=\"elementor-element elementor-element-6a7536b e-con-full e-flex e-con e-child\" data-id=\"6a7536b\" data-element_type=\"container\" data-e-type=\"container\">\n\t\t<div class=\"elementor-element elementor-element-4336b55 e-flex e-con-boxed e-con e-child\" data-id=\"4336b55\" data-element_type=\"container\" data-e-type=\"container\">\n\t\t\t\t\t<div class=\"e-con-inner\">\n\t\t\t\t<div class=\"elementor-element elementor-element-8e7a4ca elementor-widget__width-initial elementor-widget-mobile__width-inherit elementor-widget elementor-widget-heading\" data-id=\"8e7a4ca\" data-element_type=\"widget\" data-e-type=\"widget\" data-widget_type=\"heading.default\">\n\t\t\t\t<div class=\"elementor-widget-container\">\n\t\t\t\t\t<h3 class=\"elementor-heading-title elementor-size-default\">Rester en contact !<\/h3>\t\t\t\t<\/div>\n\t\t\t\t<\/div>\n\t\t\t\t<div class=\"elementor-element elementor-element-1888d0f elementor-widget elementor-widget-text-editor\" data-id=\"1888d0f\" data-element_type=\"widget\" data-e-type=\"widget\" data-widget_type=\"text-editor.default\">\n\t\t\t\t<div class=\"elementor-widget-container\">\n\t\t\t\t\t\t\t\t\t<p>Inscrivez-vous \u00e0 notre liste de diffusion et soyez le premier \u00e0 \u00eatre inform\u00e9 des nouvelles du camp, des promotions et plus encore !<\/p>\t\t\t\t\t\t\t\t<\/div>\n\t\t\t\t<\/div>\n\t\t\t\t<div class=\"elementor-element elementor-element-0e1217f elementor-widget elementor-widget-html\" data-id=\"0e1217f\" data-element_type=\"widget\" data-e-type=\"widget\" data-widget_type=\"html.default\">\n\t\t\t\t<div class=\"elementor-widget-container\">\n\t\t\t\t\t<div id=\"mc_embed_shell\">      <link href=\"\/\/cdn-images.mailchimp.com\/embedcode\/classic-061523.css\" rel=\"stylesheet\" type=\"text\/css\">  <style type=\"text\/css\">        #mc_embed_signup{background:#fff; false;clear:left; font:14px Helvetica,Arial,sans-serif; width: 100%;}        \/* Add your own Mailchimp form style overrides in your site stylesheet or in this style block.           We recommend moving this block and the preceding CSS link to the HEAD of your HTML file. *\/<\/style><div id=\"mc_embed_signup\">    <form action=\"https:\/\/stemcamp.us18.list-manage.com\/subscribe\/post?u=8af68716e830b561b8fc1d7bd&amp;id=49d285a450&amp;f_id=006fc4e0f0\" method=\"post\" id=\"mc-embedded-subscribe-form\" name=\"mc-embedded-subscribe-form\" class=\"validate\" target=\"_blank\">        <div id=\"mc_embed_signup_scroll\"><h2>Abonnez-vous aux nouvelles du Camp Tournesol<\/h2>            <div class=\"indicates-required\"><span class=\"asterisk\">*<\/span> requis<\/div>            <div class=\"mc-field-group\"><label for=\"mce-EMAIL\">Adresse courriel <span class=\"asterisk\">*<\/span><\/label><input type=\"email\" name=\"EMAIL\" class=\"required email\" id=\"mce-EMAIL\" required=\"\" value=\"\"><\/div><div class=\"mc-field-group\"><label for=\"mce-FNAME\">Pr\u00e9nom <\/label><input type=\"text\" name=\"FNAME\" class=\" text\" id=\"mce-FNAME\" value=\"\"><\/div><div class=\"mc-field-group\"><label for=\"mce-LNAME\">Nom de famille <\/label><input type=\"text\" name=\"LNAME\" class=\" text\" id=\"mce-LNAME\" value=\"\"><\/div><div class=\"mc-field-group\"><label for=\"mce-MMERGE5\">Ville <\/label><input type=\"text\" name=\"MMERGE5\" class=\" text\" id=\"mce-MMERGE5\" value=\"\"><\/div><div hidden=\"\"><input type=\"hidden\" name=\"tags\" value=\"2523036\"><\/div>        <div id=\"mce-responses\" class=\"clear\">            <div class=\"response\" id=\"mce-error-response\" style=\"display: none;\"><\/div>            <div class=\"response\" id=\"mce-success-response\" style=\"display: none;\"><\/div>        <\/div><div style=\"position: absolute; left: -5000px;\" aria-hidden=\"true\"><input type=\"text\" name=\"b_8af68716e830b561b8fc1d7bd_49d285a450\" tabindex=\"-1\" value=\"\"><\/div><div class=\"clear\"><input type=\"submit\" name=\"subscribe\" id=\"mc-embedded-subscribe\" class=\"button\" value=\"Inscription par e-mail\"><\/div>    <\/div><\/form><\/div><script type=\"text\/javascript\" src=\"\/\/s3.amazonaws.com\/downloads.mailchimp.com\/js\/mc-validate.js\"><\/script><script type=\"text\/javascript\">(function($) {window.fnames = new Array(); window.ftypes = new Array();fnames[0]='EMAIL';ftypes[0]='email';fnames[1]='FNAME';ftypes[1]='text';fnames[2]='LNAME';ftypes[2]='text';fnames[5]='MMERGE5';ftypes[5]='text';fnames[3]='ADDRESS';ftypes[3]='address';fnames[4]='PHONE';ftypes[4]='phone';}(jQuery));var $mcj = jQuery.noConflict(true);<\/script><\/div> \t\t\t\t<\/div>\n\t\t\t\t<\/div>\n\t\t\t\t\t<\/div>\n\t\t\t\t<\/div>\n\t\t\t\t<\/div>\n\t\t\t\t\t<\/div>\n\t\t\t\t<\/div>\n\t\t\t\t<\/div>\n\t\t","protected":false},"excerpt":{"rendered":"<p>Inscription par e-mail Rester en contact ! Inscrivez-vous \u00e0 notre liste de diffusion et soyez le premier \u00e0 \u00eatre inform\u00e9 des nouvelles du camp, des promotions et plus encore ! Abonnez-vous aux nouvelles du Camp Tournesol * requis Adresse courriel *Pr\u00e9nom Nom de famille Ville<\/p>\n","protected":false},"author":2,"featured_media":31559,"parent":0,"menu_order":0,"comment_status":"closed","ping_status":"closed","template":"","meta":{"footnotes":""},"class_list":["post-31651","page","type-page","status-publish","has-post-thumbnail","hentry"],"yoast_head":"<!-- This site is optimized with the Yoast SEO Premium plugin v27.3 (Yoast SEO v27.3) - https:\/\/yoast.com\/product\/yoast-seo-premium-wordpress\/ -->\n<title>Inscription par e-mail - Camp Tournesol<\/title>\n<meta name=\"description\" content=\"Inscrivez-vous \u00e0 notre liste de diffusion et soyez le premier \u00e0 \u00eatre inform\u00e9 des nouvelles du camp, des promotions et plus encore !\" \/>\n<meta name=\"robots\" content=\"index, follow, max-snippet:-1, max-image-preview:large, max-video-preview:-1\" \/>\n<link rel=\"canonical\" href=\"https:\/\/camptournesol.ca\/fr\/inscription-par-courriel\/\" \/>\n<meta property=\"og:locale\" content=\"fr_FR\" \/>\n<meta property=\"og:type\" content=\"article\" \/>\n<meta property=\"og:title\" content=\"Inscription par e-mail\" \/>\n<meta property=\"og:description\" content=\"Inscrivez-vous \u00e0 notre liste de diffusion et soyez le premier \u00e0 \u00eatre inform\u00e9 des nouvelles du camp, des promotions et plus encore !\" \/>\n<meta property=\"og:url\" content=\"https:\/\/camptournesol.ca\/fr\/inscription-par-courriel\/\" \/>\n<meta property=\"og:site_name\" content=\"Camp Tournesol\" \/>\n<meta property=\"article:publisher\" content=\"https:\/\/www.facebook.com\/camptournesol\" \/>\n<meta property=\"article:modified_time\" content=\"2026-03-19T21:51:47+00:00\" \/>\n<meta property=\"og:image\" content=\"https:\/\/camptournesol.ca\/wp-content\/uploads\/2025\/01\/554x554-campers-outside.jpg\" \/>\n\t<meta property=\"og:image:width\" content=\"554\" \/>\n\t<meta property=\"og:image:height\" content=\"554\" \/>\n\t<meta property=\"og:image:type\" content=\"image\/jpeg\" \/>\n<meta name=\"twitter:card\" content=\"summary_large_image\" \/>\n<script type=\"application\/ld+json\" class=\"yoast-schema-graph\">{\"@context\":\"https:\\\/\\\/schema.org\",\"@graph\":[{\"@type\":\"WebPage\",\"@id\":\"https:\\\/\\\/camptournesol.ca\\\/fr\\\/inscription-par-courriel\\\/\",\"url\":\"https:\\\/\\\/camptournesol.ca\\\/fr\\\/inscription-par-courriel\\\/\",\"name\":\"Inscription par e-mail - Camp Tournesol\",\"isPartOf\":{\"@id\":\"https:\\\/\\\/camptournesol.ca\\\/fr\\\/#website\"},\"primaryImageOfPage\":{\"@id\":\"https:\\\/\\\/camptournesol.ca\\\/fr\\\/inscription-par-courriel\\\/#primaryimage\"},\"image\":{\"@id\":\"https:\\\/\\\/camptournesol.ca\\\/fr\\\/inscription-par-courriel\\\/#primaryimage\"},\"thumbnailUrl\":\"https:\\\/\\\/camptournesol.ca\\\/wp-content\\\/uploads\\\/2025\\\/01\\\/554x554-campers-outside.jpg\",\"datePublished\":\"2025-01-13T20:18:17+00:00\",\"dateModified\":\"2026-03-19T21:51:47+00:00\",\"description\":\"Inscrivez-vous \u00e0 notre liste de diffusion et soyez le premier \u00e0 \u00eatre inform\u00e9 des nouvelles du camp, des promotions et plus encore !\",\"breadcrumb\":{\"@id\":\"https:\\\/\\\/camptournesol.ca\\\/fr\\\/inscription-par-courriel\\\/#breadcrumb\"},\"inLanguage\":\"fr-FR\",\"potentialAction\":[{\"@type\":\"ReadAction\",\"target\":[\"https:\\\/\\\/camptournesol.ca\\\/fr\\\/inscription-par-courriel\\\/\"]}]},{\"@type\":\"ImageObject\",\"inLanguage\":\"fr-FR\",\"@id\":\"https:\\\/\\\/camptournesol.ca\\\/fr\\\/inscription-par-courriel\\\/#primaryimage\",\"url\":\"https:\\\/\\\/camptournesol.ca\\\/wp-content\\\/uploads\\\/2025\\\/01\\\/554x554-campers-outside.jpg\",\"contentUrl\":\"https:\\\/\\\/camptournesol.ca\\\/wp-content\\\/uploads\\\/2025\\\/01\\\/554x554-campers-outside.jpg\",\"width\":554,\"height\":554},{\"@type\":\"BreadcrumbList\",\"@id\":\"https:\\\/\\\/camptournesol.ca\\\/fr\\\/inscription-par-courriel\\\/#breadcrumb\",\"itemListElement\":[{\"@type\":\"ListItem\",\"position\":1,\"name\":\"Home\",\"item\":\"https:\\\/\\\/camptournesol.ca\\\/fr\\\/\"},{\"@type\":\"ListItem\",\"position\":2,\"name\":\"Inscription par e-mail\"}]},{\"@type\":\"WebSite\",\"@id\":\"https:\\\/\\\/camptournesol.ca\\\/fr\\\/#website\",\"url\":\"https:\\\/\\\/camptournesol.ca\\\/fr\\\/\",\"name\":\"Camp Tournesol - Have Fun at Summer Camp While Improving Their French!\",\"description\":\"Summer Camp - Have Fun &amp; Improve French\",\"publisher\":{\"@id\":\"https:\\\/\\\/camptournesol.ca\\\/fr\\\/#organization\"},\"potentialAction\":[{\"@type\":\"SearchAction\",\"target\":{\"@type\":\"EntryPoint\",\"urlTemplate\":\"https:\\\/\\\/camptournesol.ca\\\/fr\\\/?s={search_term_string}\"},\"query-input\":{\"@type\":\"PropertyValueSpecification\",\"valueRequired\":true,\"valueName\":\"search_term_string\"}}],\"inLanguage\":\"fr-FR\"},{\"@type\":\"Organization\",\"@id\":\"https:\\\/\\\/camptournesol.ca\\\/fr\\\/#organization\",\"name\":\"Camp Tournesol\",\"url\":\"https:\\\/\\\/camptournesol.ca\\\/fr\\\/\",\"logo\":{\"@type\":\"ImageObject\",\"inLanguage\":\"fr-FR\",\"@id\":\"https:\\\/\\\/camptournesol.ca\\\/fr\\\/#\\\/schema\\\/logo\\\/image\\\/\",\"url\":\"https:\\\/\\\/camptournesol.ca\\\/wp-content\\\/uploads\\\/2024\\\/11\\\/CampT-Logo.png\",\"contentUrl\":\"https:\\\/\\\/camptournesol.ca\\\/wp-content\\\/uploads\\\/2024\\\/11\\\/CampT-Logo.png\",\"width\":318,\"height\":184,\"caption\":\"Camp Tournesol\"},\"image\":{\"@id\":\"https:\\\/\\\/camptournesol.ca\\\/fr\\\/#\\\/schema\\\/logo\\\/image\\\/\"},\"sameAs\":[\"https:\\\/\\\/www.facebook.com\\\/camptournesol\"],\"description\":\"Camp Tournesol is a summer camp in the Greater Toronto Area that's focused on fun, while improving their French! All French abilities are welcome.\",\"email\":\"support@camptournesol.ca\",\"telephone\":\"888-892-1889\",\"legalName\":\"Camp Tournesol Espoir\"}]}<\/script>\n<!-- \/ Yoast SEO Premium plugin. -->","yoast_head_json":{"title":"Inscription par e-mail - Camp Tournesol","description":"Inscrivez-vous \u00e0 notre liste de diffusion et soyez le premier \u00e0 \u00eatre inform\u00e9 des nouvelles du camp, des promotions et plus encore !","robots":{"index":"index","follow":"follow","max-snippet":"max-snippet:-1","max-image-preview":"max-image-preview:large","max-video-preview":"max-video-preview:-1"},"canonical":"https:\/\/camptournesol.ca\/fr\/inscription-par-courriel\/","og_locale":"fr_FR","og_type":"article","og_title":"Inscription par e-mail","og_description":"Inscrivez-vous \u00e0 notre liste de diffusion et soyez le premier \u00e0 \u00eatre inform\u00e9 des nouvelles du camp, des promotions et plus encore !","og_url":"https:\/\/camptournesol.ca\/fr\/inscription-par-courriel\/","og_site_name":"Camp Tournesol","article_publisher":"https:\/\/www.facebook.com\/camptournesol","article_modified_time":"2026-03-19T21:51:47+00:00","og_image":[{"width":554,"height":554,"url":"https:\/\/camptournesol.ca\/wp-content\/uploads\/2025\/01\/554x554-campers-outside.jpg","type":"image\/jpeg"}],"twitter_card":"summary_large_image","schema":{"@context":"https:\/\/schema.org","@graph":[{"@type":"WebPage","@id":"https:\/\/camptournesol.ca\/fr\/inscription-par-courriel\/","url":"https:\/\/camptournesol.ca\/fr\/inscription-par-courriel\/","name":"Inscription par e-mail - Camp Tournesol","isPartOf":{"@id":"https:\/\/camptournesol.ca\/fr\/#website"},"primaryImageOfPage":{"@id":"https:\/\/camptournesol.ca\/fr\/inscription-par-courriel\/#primaryimage"},"image":{"@id":"https:\/\/camptournesol.ca\/fr\/inscription-par-courriel\/#primaryimage"},"thumbnailUrl":"https:\/\/camptournesol.ca\/wp-content\/uploads\/2025\/01\/554x554-campers-outside.jpg","datePublished":"2025-01-13T20:18:17+00:00","dateModified":"2026-03-19T21:51:47+00:00","description":"Inscrivez-vous \u00e0 notre liste de diffusion et soyez le premier \u00e0 \u00eatre inform\u00e9 des nouvelles du camp, des promotions et plus encore !","breadcrumb":{"@id":"https:\/\/camptournesol.ca\/fr\/inscription-par-courriel\/#breadcrumb"},"inLanguage":"fr-FR","potentialAction":[{"@type":"ReadAction","target":["https:\/\/camptournesol.ca\/fr\/inscription-par-courriel\/"]}]},{"@type":"ImageObject","inLanguage":"fr-FR","@id":"https:\/\/camptournesol.ca\/fr\/inscription-par-courriel\/#primaryimage","url":"https:\/\/camptournesol.ca\/wp-content\/uploads\/2025\/01\/554x554-campers-outside.jpg","contentUrl":"https:\/\/camptournesol.ca\/wp-content\/uploads\/2025\/01\/554x554-campers-outside.jpg","width":554,"height":554},{"@type":"BreadcrumbList","@id":"https:\/\/camptournesol.ca\/fr\/inscription-par-courriel\/#breadcrumb","itemListElement":[{"@type":"ListItem","position":1,"name":"Home","item":"https:\/\/camptournesol.ca\/fr\/"},{"@type":"ListItem","position":2,"name":"Inscription par e-mail"}]},{"@type":"WebSite","@id":"https:\/\/camptournesol.ca\/fr\/#website","url":"https:\/\/camptournesol.ca\/fr\/","name":"Camp Tournesol - Have Fun at Summer Camp While Improving Their French!","description":"Summer Camp - Have Fun &amp; Improve French","publisher":{"@id":"https:\/\/camptournesol.ca\/fr\/#organization"},"potentialAction":[{"@type":"SearchAction","target":{"@type":"EntryPoint","urlTemplate":"https:\/\/camptournesol.ca\/fr\/?s={search_term_string}"},"query-input":{"@type":"PropertyValueSpecification","valueRequired":true,"valueName":"search_term_string"}}],"inLanguage":"fr-FR"},{"@type":"Organization","@id":"https:\/\/camptournesol.ca\/fr\/#organization","name":"Camp Tournesol","url":"https:\/\/camptournesol.ca\/fr\/","logo":{"@type":"ImageObject","inLanguage":"fr-FR","@id":"https:\/\/camptournesol.ca\/fr\/#\/schema\/logo\/image\/","url":"https:\/\/camptournesol.ca\/wp-content\/uploads\/2024\/11\/CampT-Logo.png","contentUrl":"https:\/\/camptournesol.ca\/wp-content\/uploads\/2024\/11\/CampT-Logo.png","width":318,"height":184,"caption":"Camp Tournesol"},"image":{"@id":"https:\/\/camptournesol.ca\/fr\/#\/schema\/logo\/image\/"},"sameAs":["https:\/\/www.facebook.com\/camptournesol"],"description":"Camp Tournesol is a summer camp in the Greater Toronto Area that's focused on fun, while improving their French! All French abilities are welcome.","email":"support@camptournesol.ca","telephone":"888-892-1889","legalName":"Camp Tournesol Espoir"}]}},"_links":{"self":[{"href":"https:\/\/camptournesol.ca\/fr\/wp-json\/wp\/v2\/pages\/31651","targetHints":{"allow":["GET"]}}],"collection":[{"href":"https:\/\/camptournesol.ca\/fr\/wp-json\/wp\/v2\/pages"}],"about":[{"href":"https:\/\/camptournesol.ca\/fr\/wp-json\/wp\/v2\/types\/page"}],"author":[{"embeddable":true,"href":"https:\/\/camptournesol.ca\/fr\/wp-json\/wp\/v2\/users\/2"}],"replies":[{"embeddable":true,"href":"https:\/\/camptournesol.ca\/fr\/wp-json\/wp\/v2\/comments?post=31651"}],"version-history":[{"count":5,"href":"https:\/\/camptournesol.ca\/fr\/wp-json\/wp\/v2\/pages\/31651\/revisions"}],"predecessor-version":[{"id":31762,"href":"https:\/\/camptournesol.ca\/fr\/wp-json\/wp\/v2\/pages\/31651\/revisions\/31762"}],"wp:featuredmedia":[{"embeddable":true,"href":"https:\/\/camptournesol.ca\/fr\/wp-json\/wp\/v2\/media\/31559"}],"wp:attachment":[{"href":"https:\/\/camptournesol.ca\/fr\/wp-json\/wp\/v2\/media?parent=31651"}],"curies":[{"name":"wp","href":"https:\/\/api.w.org\/{rel}","templated":true}]}}