{"id":31589,"date":"2025-01-07T12:09:27","date_gmt":"2025-01-07T17:09:27","guid":{"rendered":"https:\/\/camptournesol.ca\/conditions-generales\/"},"modified":"2025-12-08T15:22:21","modified_gmt":"2025-12-08T20:22:21","slug":"conditions-generales","status":"publish","type":"page","link":"https:\/\/camptournesol.ca\/fr\/conditions-generales\/","title":{"rendered":"Conditions g\u00e9n\u00e9rales"},"content":{"rendered":"\t\t<div data-elementor-type=\"wp-page\" data-elementor-id=\"31589\" class=\"elementor elementor-31589 elementor-28714\" data-elementor-post-type=\"page\">\n\t\t\t\t<div class=\"elementor-element elementor-element-d17f51b e-flex e-con-boxed e-con e-parent\" data-id=\"d17f51b\" data-element_type=\"container\" data-e-type=\"container\">\n\t\t\t\t\t<div class=\"e-con-inner\">\n\t\t\t\t<div class=\"elementor-element elementor-element-759b79d elementor-widget elementor-widget-heading\" data-id=\"759b79d\" data-element_type=\"widget\" data-e-type=\"widget\" data-widget_type=\"heading.default\">\n\t\t\t\t<div class=\"elementor-widget-container\">\n\t\t\t\t\t<h1 class=\"elementor-heading-title elementor-size-default\">Conditions g\u00e9n\u00e9rales<\/h1>\t\t\t\t<\/div>\n\t\t\t\t<\/div>\n\t\t\t\t\t<\/div>\n\t\t\t\t<\/div>\n\t\t<div class=\"elementor-element elementor-element-68ed372 e-flex e-con-boxed e-con e-parent\" data-id=\"68ed372\" data-element_type=\"container\" data-e-type=\"container\">\n\t\t\t\t\t<div class=\"e-con-inner\">\n\t\t\t\t<div class=\"elementor-element elementor-element-5ab8042 elementor-widget elementor-widget-text-editor\" data-id=\"5ab8042\" data-element_type=\"widget\" data-e-type=\"widget\" data-widget_type=\"text-editor.default\">\n\t\t\t\t<div class=\"elementor-widget-container\">\n\t\t\t\t\t\t\t\t\t<p>Date d\u2019entr\u00e9e en vigueur&nbsp;: 29&nbsp;novembre&nbsp;2024<\/p>\n<p><span style=\"text-align: var(--text-align); color: var( --e-global-color-text ); font-family: var( --e-global-typography-text-font-family ), Sans-serif; font-size: var( --e-global-typography-text-font-size ); letter-spacing: var( --e-global-typography-text-letter-spacing ); text-transform: var( --e-global-typography-text-text-transform );\"><span style=\"font-weight: var( --e-global-typography-text-font-weight );\">Bienvenue sur le site Web de Camp Tournesol Espoir. En acc\u00e9dant \u00e0 notre site Web ou en l\u2019utilisant, vous acceptez de vous conformer aux pr\u00e9sentes conditions g\u00e9n\u00e9rales. Veuillez les lire attentivement avant de continuer. Si vous n\u2019acceptez pas ces conditions, veuillez ne pas utiliser notre site.   <\/span><br><\/span><span style=\"color: var( --e-global-color-text ); font-family: var( --e-global-typography-text-font-family ), Sans-serif; font-size: var( --e-global-typography-text-font-size ); letter-spacing: var( --e-global-typography-text-letter-spacing ); text-align: var(--text-align); text-transform: var( --e-global-typography-text-text-transform );\"><br><b>1. Utilisation du site Web<\/b><\/span><\/p>\n<p>Le contenu de ce site Web est fourni \u00e0 titre d\u2019information g\u00e9n\u00e9rale sur nos programmes et services. En utilisant ce site Web, vous acceptez&nbsp;: <\/p>\n<ul>\n<li>D\u2019utiliser le site uniquement \u00e0 des fins l\u00e9gales.<\/li>\n<li>De ne pas tenter d\u2019obtenir un acc\u00e8s non autoris\u00e9 \u00e0 une partie du site, \u00e0 ses serveurs ou \u00e0 ses r\u00e9seaux.<\/li>\n<li>De respecter les droits de propri\u00e9t\u00e9 intellectuelle et de vous abstenir de reproduire, de modifier ou de distribuer tout contenu sans autorisation.<\/li>\n<\/ul>\n<p><b style=\"color: var( --e-global-color-text ); font-family: var( --e-global-typography-text-font-family ), Sans-serif; font-size: var( --e-global-typography-text-font-size ); letter-spacing: var( --e-global-typography-text-letter-spacing ); text-align: var(--text-align); text-transform: var( --e-global-typography-text-text-transform ); background-color: transparent;\"><br>2. Inscription et paiements<\/b><\/p>\n<p>Lors de l\u2019inscription \u00e0 nos programmes ou services&nbsp;:<\/p>\n<ul>\n<li>Vous devez fournir des renseignements exacts et complets.<\/li>\n<li>Le paiement est exig\u00e9 au moment de l\u2019inscription, sauf indication contraire.<\/li>\n<li>Les frais et les politiques d\u2019annulation sont d\u00e9crits en d\u00e9tail au cours du processus d\u2019inscription et doivent \u00eatre respect\u00e9s.<\/li>\n<\/ul>\n<p><b><br>3. Propri\u00e9t\u00e9 intellectuelle<\/b><\/p>\n<p>Tout le contenu de ce site Web, y compris les textes, les graphiques, les logos, les images, les vid\u00e9os et les logiciels, est la propri\u00e9t\u00e9 de Camp Tournesol Espoir ou de ses conc\u00e9dants de licence. Toute utilisation, reproduction ou distribution non autoris\u00e9e est interdite. <br><span style=\"color: var( --e-global-color-text ); font-family: var( --e-global-typography-text-font-family ), Sans-serif; font-size: var( --e-global-typography-text-font-size ); letter-spacing: var( --e-global-typography-text-letter-spacing ); text-align: var(--text-align); text-transform: var( --e-global-typography-text-text-transform );\"><br><b>4. Liens vers des sites Web de tiers<\/b><\/span><\/p>\n<p>Notre site Web peut contenir des liens vers des sites Web externes pour votre commodit\u00e9. Ces liens ne signifient pas que Camp Tournesol Espoir approuve le contenu ou les pratiques de ces sites tiers, et Camp Tournesol Espoir n\u2019est pas responsable de ceux-ci. Utilisez-les \u00e0 vos propres risques.  <br><span style=\"text-align: var(--text-align); color: var( --e-global-color-text ); font-family: var( --e-global-typography-text-font-family ), Sans-serif; font-size: var( --e-global-typography-text-font-size ); letter-spacing: var( --e-global-typography-text-letter-spacing ); text-transform: var( --e-global-typography-text-text-transform );\"><br><b>5. Avis de non-responsabilit\u00e9<\/b><\/span><\/p>\n<p><span style=\"text-align: var(--text-align); color: var( --e-global-color-text ); font-family: var( --e-global-typography-text-font-family ), Sans-serif; font-size: var( --e-global-typography-text-font-size ); font-weight: var( --e-global-typography-text-font-weight ); letter-spacing: var( --e-global-typography-text-letter-spacing ); text-transform: var( --e-global-typography-text-text-transform );\">Le site Web est fourni \u00ab&nbsp;tel quel&nbsp;\u00bb, sans garantie d\u2019aucune sorte, expresse ou implicite.<\/span><b><br><\/b><\/p>\n<p>Bien que nous nous efforcions d\u2019assurer l\u2019exactitude du contenu, nous ne garantissons pas que les renseignements sur le site sont complets, exacts ou \u00e0 jour.<br>Nous ne sommes pas responsables des dommages ou des pertes d\u00e9coulant de votre utilisation du site Web.<br><span style=\"text-align: var(--text-align); color: var( --e-global-color-text ); font-family: var( --e-global-typography-text-font-family ), Sans-serif; font-size: var( --e-global-typography-text-font-size ); letter-spacing: var( --e-global-typography-text-letter-spacing ); text-transform: var( --e-global-typography-text-text-transform );\"><br><b>6. Limitation de responsabilit\u00e9<\/b><\/span><\/p>\n<p>Camp Tournesol Espoir, ses administrateurs, employ\u00e9s ou mandataires ne peuvent \u00eatre tenus responsables des dommages directs, indirects, accessoires ou cons\u00e9cutifs r\u00e9sultant de votre utilisation du site Web ou de tout contenu ou service obtenu par son interm\u00e9diaire.<br><span style=\"text-align: var(--text-align); color: var( --e-global-color-text ); font-family: var( --e-global-typography-text-font-family ), Sans-serif; font-size: var( --e-global-typography-text-font-size ); letter-spacing: var( --e-global-typography-text-letter-spacing ); text-transform: var( --e-global-typography-text-text-transform );\"><br><b>7. Contenu de l\u2019utilisateur<\/b><\/span><\/p>\n<p>Si vous soumettez du contenu au site Web (p.&nbsp;ex., des \u00e9valuations, des commentaires ou des t\u00e9moignages)&nbsp;:<br>Vous accordez \u00e0 Camp Tournesol Espoir une licence non exclusive, libre de redevances, perp\u00e9tuelle et irr\u00e9vocable d\u2019utiliser, de modifier, de reproduire et d\u2019afficher ce contenu dans le cadre de nos activit\u00e9s.<br>Vous garantissez que vous poss\u00e9dez ou avez le droit de soumettre le contenu et qu\u2019il ne viole aucun droit de tiers.<br><span style=\"text-align: var(--text-align); color: var( --e-global-color-text ); font-family: var( --e-global-typography-text-font-family ), Sans-serif; font-size: var( --e-global-typography-text-font-size ); letter-spacing: var( --e-global-typography-text-letter-spacing ); text-transform: var( --e-global-typography-text-text-transform );\"><br><b>8. Confidentialit\u00e9<\/b><\/span><\/p>\n<p>Votre utilisation de ce site Web est \u00e9galement r\u00e9gie par notre&nbsp;<a href=\"https:\/\/camptournesol.ca\/fr\/politique-de-confidentialite\/\" target=\"_blank\">D\u00e9claration de confidentialit\u00e9<\/a> qui se trouve sur le site. En utilisant le site, vous consentez \u00e0 ce que nous recueillions et utilisions vos renseignements de la mani\u00e8re d\u00e9crite dans la &nbsp;<a href=\"https:\/\/camptournesol.ca\/fr\/politique-de-confidentialite\/\" target=\"_blank\">D\u00e9claration de confidentialit\u00e9<\/a>.<br><span style=\"text-align: var(--text-align); color: var( --e-global-color-text ); font-family: var( --e-global-typography-text-font-family ), Sans-serif; font-size: var( --e-global-typography-text-font-size ); letter-spacing: var( --e-global-typography-text-letter-spacing ); text-transform: var( --e-global-typography-text-text-transform );\"><br><b>9. Indemnisation<\/b><\/span><\/p>\n<p>Vous acceptez d\u2019indemniser et de d\u00e9gager de toute responsabilit\u00e9 Camp Tournesol Espoir, ses soci\u00e9t\u00e9s affili\u00e9es, ses employ\u00e9s et ses mandataires \u00e0 l\u2019\u00e9gard de toute r\u00e9clamation, perte, dommage, responsabilit\u00e9, co\u00fbt ou d\u00e9pense d\u00e9coulant de votre utilisation du site Web, de votre violation des pr\u00e9sentes conditions g\u00e9n\u00e9rales ou de votre violation de toute loi ou de tout droit d\u2019un tiers.<br><span style=\"text-align: var(--text-align); color: var( --e-global-color-text ); font-family: var( --e-global-typography-text-font-family ), Sans-serif; font-size: var( --e-global-typography-text-font-size ); letter-spacing: var( --e-global-typography-text-letter-spacing ); text-transform: var( --e-global-typography-text-text-transform );\"><br><b>10. Droit applicable<\/b><\/span><\/p><p>Les pr\u00e9sentes conditions g\u00e9n\u00e9rales sont r\u00e9gies par les lois de la province de l\u2019Ontario, au Canada. Tout litige d\u00e9coulant de ces conditions ou de votre utilisation du site Web sera r\u00e9solu exclusivement par les tribunaux de l\u2019Ontario. <br><span style=\"text-align: var(--text-align); color: var( --e-global-color-text ); font-family: var( --e-global-typography-text-font-family ), Sans-serif; font-size: var( --e-global-typography-text-font-size ); letter-spacing: var( --e-global-typography-text-letter-spacing ); text-transform: var( --e-global-typography-text-text-transform );\"><br><b>11. Modifications aux pr\u00e9sentes conditions<\/b><\/span><\/p><p>Camp Tournesol Espoir se r\u00e9serve le droit de mettre \u00e0 jour ou de modifier les pr\u00e9sentes conditions g\u00e9n\u00e9rales \u00e0 tout moment et sans pr\u00e9avis. L\u2019utilisation continue du site Web apr\u00e8s la publication des modifications constitue votre acceptation des conditions r\u00e9vis\u00e9es. <br><span style=\"text-align: var(--text-align); color: var( --e-global-color-text ); font-family: var( --e-global-typography-text-font-family ), Sans-serif; font-size: var( --e-global-typography-text-font-size ); letter-spacing: var( --e-global-typography-text-letter-spacing ); text-transform: var( --e-global-typography-text-text-transform );\"><br><b>12. R\u00e9siliation<\/b><\/span><\/p><p>Nous nous r\u00e9servons le droit de r\u00e9silier votre acc\u00e8s au site Web si vous violez les pr\u00e9sentes conditions g\u00e9n\u00e9rales ou pour toute autre raison \u00e0 notre discr\u00e9tion.<br><span style=\"text-align: var(--text-align); color: var( --e-global-color-text ); font-family: var( --e-global-typography-text-font-family ), Sans-serif; font-size: var( --e-global-typography-text-font-size ); letter-spacing: var( --e-global-typography-text-letter-spacing ); text-transform: var( --e-global-typography-text-text-transform );\"><br><b>13. Communiquez avec nous<\/b><\/span><\/p><p>Si vous avez des questions ou des pr\u00e9occupations concernant les pr\u00e9sentes conditions g\u00e9n\u00e9rales, veuillez communiquer avec nous \u00e0 l\u2019adresse suivante&nbsp;:<br>Camp Tournesol Espoir<br>customercare@camptournesol.ca<br>888-892-1889<br>898, rue Dufferin, Woodstock (Ontario)&nbsp;; N4S&nbsp;1Z1<br><span style=\"color: var( --e-global-color-text ); font-family: var( --e-global-typography-text-font-family ), Sans-serif; font-size: var( --e-global-typography-text-font-size ); font-weight: var( --e-global-typography-text-font-weight ); letter-spacing: var( --e-global-typography-text-letter-spacing ); text-align: var(--text-align); text-transform: var( --e-global-typography-text-text-transform );\"><br>En utilisant notre site Web, vous reconnaissez avoir lu, compris et accept\u00e9 les pr\u00e9sentes conditions g\u00e9n\u00e9rales. Merci de visiter Camp Tournesol Espoir!<\/span><\/p>\t\t\t\t\t\t\t\t<\/div>\n\t\t\t\t<\/div>\n\t\t\t\t\t<\/div>\n\t\t\t\t<\/div>\n\t\t\t\t<\/div>\n\t\t","protected":false},"excerpt":{"rendered":"<p>Conditions g\u00e9n\u00e9rales Date d\u2019entr\u00e9e en vigueur&nbsp;: 29&nbsp;novembre&nbsp;2024 Bienvenue sur le site Web de Camp Tournesol Espoir. En acc\u00e9dant \u00e0 notre site Web ou en l\u2019utilisant, vous acceptez de vous conformer aux pr\u00e9sentes conditions g\u00e9n\u00e9rales. Veuillez les lire attentivement avant de continuer. Si vous n\u2019acceptez pas ces conditions, veuillez ne pas utiliser notre site. 1. Utilisation [&hellip;]<\/p>\n","protected":false},"author":2,"featured_media":0,"parent":0,"menu_order":0,"comment_status":"closed","ping_status":"closed","template":"","meta":{"footnotes":""},"class_list":["post-31589","page","type-page","status-publish","hentry"],"yoast_head":"<!-- This site is optimized with the Yoast SEO Premium plugin v27.3 (Yoast SEO v27.3) - https:\/\/yoast.com\/product\/yoast-seo-premium-wordpress\/ -->\n<title>Conditions g\u00e9n\u00e9rales - Camp Tournesol<\/title>\n<meta name=\"robots\" content=\"index, follow, max-snippet:-1, max-image-preview:large, max-video-preview:-1\" \/>\n<link rel=\"canonical\" href=\"https:\/\/camptournesol.ca\/fr\/conditions-generales\/\" \/>\n<meta property=\"og:locale\" content=\"fr_FR\" \/>\n<meta property=\"og:type\" content=\"article\" \/>\n<meta property=\"og:title\" content=\"Conditions g\u00e9n\u00e9rales\" \/>\n<meta property=\"og:description\" content=\"Conditions g\u00e9n\u00e9rales Date d\u2019entr\u00e9e en vigueur&nbsp;: 29&nbsp;novembre&nbsp;2024 Bienvenue sur le site Web de Camp Tournesol Espoir. En acc\u00e9dant \u00e0 notre site Web ou en l\u2019utilisant, vous acceptez de vous conformer aux pr\u00e9sentes conditions g\u00e9n\u00e9rales. Veuillez les lire attentivement avant de continuer. Si vous n\u2019acceptez pas ces conditions, veuillez ne pas utiliser notre site. 1. Utilisation [&hellip;]\" \/>\n<meta property=\"og:url\" content=\"https:\/\/camptournesol.ca\/fr\/conditions-generales\/\" \/>\n<meta property=\"og:site_name\" content=\"Camp Tournesol\" \/>\n<meta property=\"article:publisher\" content=\"https:\/\/www.facebook.com\/camptournesol\" \/>\n<meta property=\"article:modified_time\" content=\"2025-12-08T20:22:21+00:00\" \/>\n<meta property=\"og:image\" content=\"https:\/\/camptournesol.ca\/wp-content\/uploads\/2025\/01\/CTA-image.jpg\" \/>\n\t<meta property=\"og:image:width\" content=\"561\" \/>\n\t<meta property=\"og:image:height\" content=\"358\" \/>\n\t<meta property=\"og:image:type\" content=\"image\/jpeg\" \/>\n<meta name=\"twitter:card\" content=\"summary_large_image\" \/>\n<meta name=\"twitter:label1\" content=\"Dur\u00e9e de lecture estim\u00e9e\" \/>\n\t<meta name=\"twitter:data1\" content=\"4 minutes\" \/>\n<script type=\"application\/ld+json\" class=\"yoast-schema-graph\">{\"@context\":\"https:\\\/\\\/schema.org\",\"@graph\":[{\"@type\":\"WebPage\",\"@id\":\"https:\\\/\\\/camptournesol.ca\\\/fr\\\/conditions-generales\\\/\",\"url\":\"https:\\\/\\\/camptournesol.ca\\\/fr\\\/conditions-generales\\\/\",\"name\":\"Conditions g\u00e9n\u00e9rales - Camp Tournesol\",\"isPartOf\":{\"@id\":\"https:\\\/\\\/camptournesol.ca\\\/fr\\\/#website\"},\"datePublished\":\"2025-01-07T17:09:27+00:00\",\"dateModified\":\"2025-12-08T20:22:21+00:00\",\"breadcrumb\":{\"@id\":\"https:\\\/\\\/camptournesol.ca\\\/fr\\\/conditions-generales\\\/#breadcrumb\"},\"inLanguage\":\"fr-FR\",\"potentialAction\":[{\"@type\":\"ReadAction\",\"target\":[\"https:\\\/\\\/camptournesol.ca\\\/fr\\\/conditions-generales\\\/\"]}]},{\"@type\":\"BreadcrumbList\",\"@id\":\"https:\\\/\\\/camptournesol.ca\\\/fr\\\/conditions-generales\\\/#breadcrumb\",\"itemListElement\":[{\"@type\":\"ListItem\",\"position\":1,\"name\":\"Home\",\"item\":\"https:\\\/\\\/camptournesol.ca\\\/fr\\\/\"},{\"@type\":\"ListItem\",\"position\":2,\"name\":\"Conditions g\u00e9n\u00e9rales\"}]},{\"@type\":\"WebSite\",\"@id\":\"https:\\\/\\\/camptournesol.ca\\\/fr\\\/#website\",\"url\":\"https:\\\/\\\/camptournesol.ca\\\/fr\\\/\",\"name\":\"Camp Tournesol - Have Fun at Summer Camp While Improving Their French!\",\"description\":\"Summer Camp - Have Fun &amp; Improve French\",\"publisher\":{\"@id\":\"https:\\\/\\\/camptournesol.ca\\\/fr\\\/#organization\"},\"potentialAction\":[{\"@type\":\"SearchAction\",\"target\":{\"@type\":\"EntryPoint\",\"urlTemplate\":\"https:\\\/\\\/camptournesol.ca\\\/fr\\\/?s={search_term_string}\"},\"query-input\":{\"@type\":\"PropertyValueSpecification\",\"valueRequired\":true,\"valueName\":\"search_term_string\"}}],\"inLanguage\":\"fr-FR\"},{\"@type\":\"Organization\",\"@id\":\"https:\\\/\\\/camptournesol.ca\\\/fr\\\/#organization\",\"name\":\"Camp Tournesol\",\"url\":\"https:\\\/\\\/camptournesol.ca\\\/fr\\\/\",\"logo\":{\"@type\":\"ImageObject\",\"inLanguage\":\"fr-FR\",\"@id\":\"https:\\\/\\\/camptournesol.ca\\\/fr\\\/#\\\/schema\\\/logo\\\/image\\\/\",\"url\":\"https:\\\/\\\/camptournesol.ca\\\/wp-content\\\/uploads\\\/2024\\\/11\\\/CampT-Logo.png\",\"contentUrl\":\"https:\\\/\\\/camptournesol.ca\\\/wp-content\\\/uploads\\\/2024\\\/11\\\/CampT-Logo.png\",\"width\":318,\"height\":184,\"caption\":\"Camp Tournesol\"},\"image\":{\"@id\":\"https:\\\/\\\/camptournesol.ca\\\/fr\\\/#\\\/schema\\\/logo\\\/image\\\/\"},\"sameAs\":[\"https:\\\/\\\/www.facebook.com\\\/camptournesol\"],\"description\":\"Camp Tournesol is a summer camp in the Greater Toronto Area that's focused on fun, while improving their French! All French abilities are welcome.\",\"email\":\"support@camptournesol.ca\",\"telephone\":\"888-892-1889\",\"legalName\":\"Camp Tournesol Espoir\"}]}<\/script>\n<!-- \/ Yoast SEO Premium plugin. -->","yoast_head_json":{"title":"Conditions g\u00e9n\u00e9rales - Camp Tournesol","robots":{"index":"index","follow":"follow","max-snippet":"max-snippet:-1","max-image-preview":"max-image-preview:large","max-video-preview":"max-video-preview:-1"},"canonical":"https:\/\/camptournesol.ca\/fr\/conditions-generales\/","og_locale":"fr_FR","og_type":"article","og_title":"Conditions g\u00e9n\u00e9rales","og_description":"Conditions g\u00e9n\u00e9rales Date d\u2019entr\u00e9e en vigueur&nbsp;: 29&nbsp;novembre&nbsp;2024 Bienvenue sur le site Web de Camp Tournesol Espoir. En acc\u00e9dant \u00e0 notre site Web ou en l\u2019utilisant, vous acceptez de vous conformer aux pr\u00e9sentes conditions g\u00e9n\u00e9rales. Veuillez les lire attentivement avant de continuer. Si vous n\u2019acceptez pas ces conditions, veuillez ne pas utiliser notre site. 1. Utilisation [&hellip;]","og_url":"https:\/\/camptournesol.ca\/fr\/conditions-generales\/","og_site_name":"Camp Tournesol","article_publisher":"https:\/\/www.facebook.com\/camptournesol","article_modified_time":"2025-12-08T20:22:21+00:00","og_image":[{"width":561,"height":358,"url":"https:\/\/camptournesol.ca\/wp-content\/uploads\/2025\/01\/CTA-image.jpg","type":"image\/jpeg"}],"twitter_card":"summary_large_image","twitter_misc":{"Dur\u00e9e de lecture estim\u00e9e":"4 minutes"},"schema":{"@context":"https:\/\/schema.org","@graph":[{"@type":"WebPage","@id":"https:\/\/camptournesol.ca\/fr\/conditions-generales\/","url":"https:\/\/camptournesol.ca\/fr\/conditions-generales\/","name":"Conditions g\u00e9n\u00e9rales - Camp Tournesol","isPartOf":{"@id":"https:\/\/camptournesol.ca\/fr\/#website"},"datePublished":"2025-01-07T17:09:27+00:00","dateModified":"2025-12-08T20:22:21+00:00","breadcrumb":{"@id":"https:\/\/camptournesol.ca\/fr\/conditions-generales\/#breadcrumb"},"inLanguage":"fr-FR","potentialAction":[{"@type":"ReadAction","target":["https:\/\/camptournesol.ca\/fr\/conditions-generales\/"]}]},{"@type":"BreadcrumbList","@id":"https:\/\/camptournesol.ca\/fr\/conditions-generales\/#breadcrumb","itemListElement":[{"@type":"ListItem","position":1,"name":"Home","item":"https:\/\/camptournesol.ca\/fr\/"},{"@type":"ListItem","position":2,"name":"Conditions g\u00e9n\u00e9rales"}]},{"@type":"WebSite","@id":"https:\/\/camptournesol.ca\/fr\/#website","url":"https:\/\/camptournesol.ca\/fr\/","name":"Camp Tournesol - Have Fun at Summer Camp While Improving Their French!","description":"Summer Camp - Have Fun &amp; Improve French","publisher":{"@id":"https:\/\/camptournesol.ca\/fr\/#organization"},"potentialAction":[{"@type":"SearchAction","target":{"@type":"EntryPoint","urlTemplate":"https:\/\/camptournesol.ca\/fr\/?s={search_term_string}"},"query-input":{"@type":"PropertyValueSpecification","valueRequired":true,"valueName":"search_term_string"}}],"inLanguage":"fr-FR"},{"@type":"Organization","@id":"https:\/\/camptournesol.ca\/fr\/#organization","name":"Camp Tournesol","url":"https:\/\/camptournesol.ca\/fr\/","logo":{"@type":"ImageObject","inLanguage":"fr-FR","@id":"https:\/\/camptournesol.ca\/fr\/#\/schema\/logo\/image\/","url":"https:\/\/camptournesol.ca\/wp-content\/uploads\/2024\/11\/CampT-Logo.png","contentUrl":"https:\/\/camptournesol.ca\/wp-content\/uploads\/2024\/11\/CampT-Logo.png","width":318,"height":184,"caption":"Camp Tournesol"},"image":{"@id":"https:\/\/camptournesol.ca\/fr\/#\/schema\/logo\/image\/"},"sameAs":["https:\/\/www.facebook.com\/camptournesol"],"description":"Camp Tournesol is a summer camp in the Greater Toronto Area that's focused on fun, while improving their French! All French abilities are welcome.","email":"support@camptournesol.ca","telephone":"888-892-1889","legalName":"Camp Tournesol Espoir"}]}},"_links":{"self":[{"href":"https:\/\/camptournesol.ca\/fr\/wp-json\/wp\/v2\/pages\/31589","targetHints":{"allow":["GET"]}}],"collection":[{"href":"https:\/\/camptournesol.ca\/fr\/wp-json\/wp\/v2\/pages"}],"about":[{"href":"https:\/\/camptournesol.ca\/fr\/wp-json\/wp\/v2\/types\/page"}],"author":[{"embeddable":true,"href":"https:\/\/camptournesol.ca\/fr\/wp-json\/wp\/v2\/users\/2"}],"replies":[{"embeddable":true,"href":"https:\/\/camptournesol.ca\/fr\/wp-json\/wp\/v2\/comments?post=31589"}],"version-history":[{"count":1,"href":"https:\/\/camptournesol.ca\/fr\/wp-json\/wp\/v2\/pages\/31589\/revisions"}],"predecessor-version":[{"id":31590,"href":"https:\/\/camptournesol.ca\/fr\/wp-json\/wp\/v2\/pages\/31589\/revisions\/31590"}],"wp:attachment":[{"href":"https:\/\/camptournesol.ca\/fr\/wp-json\/wp\/v2\/media?parent=31589"}],"curies":[{"name":"wp","href":"https:\/\/api.w.org\/{rel}","templated":true}]}}