{"id":31507,"date":"2025-01-08T17:00:42","date_gmt":"2025-01-08T22:00:42","guid":{"rendered":"https:\/\/camptournesol.ca\/emplois-de-camp-dete\/"},"modified":"2026-02-16T07:34:05","modified_gmt":"2026-02-16T12:34:05","slug":"summer-camp-jobs","status":"publish","type":"page","link":"https:\/\/camptournesol.ca\/fr\/summer-camp-jobs\/","title":{"rendered":"Emplois de camp d&rsquo;\u00e9t\u00e9"},"content":{"rendered":"\t\t<div data-elementor-type=\"wp-page\" data-elementor-id=\"31507\" class=\"elementor elementor-31507 elementor-28998\" data-elementor-post-type=\"page\">\n\t\t\t\t<div class=\"elementor-element elementor-element-c3e7757 e-flex e-con-boxed e-con e-child\" data-id=\"c3e7757\" data-element_type=\"container\" data-e-type=\"container\" data-settings=\"{&quot;background_background&quot;:&quot;classic&quot;}\">\n\t\t\t\t\t<div class=\"e-con-inner\">\n\t\t\t\t<div class=\"elementor-element elementor-element-17b1d99 elementor-absolute elementor-widget elementor-widget-image\" data-id=\"17b1d99\" data-element_type=\"widget\" data-e-type=\"widget\" data-settings=\"{&quot;_position&quot;:&quot;absolute&quot;}\" data-widget_type=\"image.default\">\n\t\t\t\t<div class=\"elementor-widget-container\">\n\t\t\t\t\t\t\t\t\t\t\t\t\t\t\t<img decoding=\"async\" width=\"1920\" height=\"23\" src=\"https:\/\/camptournesol.ca\/wp-content\/uploads\/2024\/12\/Vector-23.png\" class=\"attachment-full size-full wp-image-31425\" alt=\"\" srcset=\"https:\/\/camptournesol.ca\/wp-content\/uploads\/2024\/12\/Vector-23.png 1920w, https:\/\/camptournesol.ca\/wp-content\/uploads\/2024\/12\/Vector-23-300x4.png 300w, https:\/\/camptournesol.ca\/wp-content\/uploads\/2024\/12\/Vector-23-1024x12.png 1024w, https:\/\/camptournesol.ca\/wp-content\/uploads\/2024\/12\/Vector-23-768x9.png 768w, https:\/\/camptournesol.ca\/wp-content\/uploads\/2024\/12\/Vector-23-1536x18.png 1536w\" sizes=\"(max-width: 1920px) 100vw, 1920px\" \/>\t\t\t\t\t\t\t\t\t\t\t\t\t\t\t<\/div>\n\t\t\t\t<\/div>\n\t\t<div class=\"elementor-element elementor-element-9ee2320 e-con-full e-flex e-con e-child\" data-id=\"9ee2320\" data-element_type=\"container\" data-e-type=\"container\" data-settings=\"{&quot;background_background&quot;:&quot;classic&quot;}\">\n\t\t\t\t<div class=\"elementor-element elementor-element-06103c8 elementor-widget elementor-widget-heading\" data-id=\"06103c8\" data-element_type=\"widget\" data-e-type=\"widget\" data-widget_type=\"heading.default\">\n\t\t\t\t<div class=\"elementor-widget-container\">\n\t\t\t\t\t<h1 class=\"elementor-heading-title elementor-size-default\">Emplois de camp d'\u00e9t\u00e9 \n<\/h1>\t\t\t\t<\/div>\n\t\t\t\t<\/div>\n\t\t\t\t<\/div>\n\t\t\t\t\t<\/div>\n\t\t\t\t<\/div>\n\t\t<div class=\"elementor-element elementor-element-6ef0e8c e-flex e-con-boxed e-con e-parent\" data-id=\"6ef0e8c\" data-element_type=\"container\" data-e-type=\"container\">\n\t\t\t\t\t<div class=\"e-con-inner\">\n\t\t\t\t<div class=\"elementor-element elementor-element-e26b9f5 elementor-widget elementor-widget-heading\" data-id=\"e26b9f5\" data-element_type=\"widget\" data-e-type=\"widget\" data-widget_type=\"heading.default\">\n\t\t\t\t<div class=\"elementor-widget-container\">\n\t\t\t\t\t<h3 class=\"elementor-heading-title elementor-size-default\">Travailler au Camp Tournesol<\/h3>\t\t\t\t<\/div>\n\t\t\t\t<\/div>\n\t\t\t\t<div class=\"elementor-element elementor-element-a239db7 elementor-widget elementor-widget-text-editor\" data-id=\"a239db7\" data-element_type=\"widget\" data-e-type=\"widget\" data-widget_type=\"text-editor.default\">\n\t\t\t\t<div class=\"elementor-widget-container\">\n\t\t\t\t\t\t\t\t\t<p><strong>Les candidatures pour tous les postes du Camp Tournesol sont maintenant accept\u00e9es !<\/strong><\/p><p>Cliquez sur les liens ci-dessous pour en savoir plus et soumettre votre candidature.<\/p>\t\t\t\t\t\t\t\t<\/div>\n\t\t\t\t<\/div>\n\t\t\t\t<div class=\"elementor-element elementor-element-9df60e8 elementor-widget elementor-widget-text-editor\" data-id=\"9df60e8\" data-element_type=\"widget\" data-e-type=\"widget\" data-widget_type=\"text-editor.default\">\n\t\t\t\t<div class=\"elementor-widget-container\">\n\t\t\t\t\t\t\t\t\t<p>Merci de votre int\u00e9r\u00eat pour un emploi au Camp Tournesol !<\/p>\t\t\t\t\t\t\t\t<\/div>\n\t\t\t\t<\/div>\n\t\t\t\t\t<\/div>\n\t\t\t\t<\/div>\n\t\t<div class=\"elementor-element elementor-element-85ea7e8 e-flex e-con-boxed e-con e-parent\" data-id=\"85ea7e8\" data-element_type=\"container\" data-e-type=\"container\">\n\t\t\t\t\t<div class=\"e-con-inner\">\n\t\t<div class=\"elementor-element elementor-element-d19d5c0 e-con-full e-flex e-con e-child\" data-id=\"d19d5c0\" data-element_type=\"container\" data-e-type=\"container\">\n\t\t\t\t<div class=\"elementor-element elementor-element-9fe00ed elementor-cta--skin-classic elementor-animated-content elementor-bg-transform elementor-bg-transform-zoom-in elementor-widget elementor-widget-call-to-action\" data-id=\"9fe00ed\" data-element_type=\"widget\" data-e-type=\"widget\" data-widget_type=\"call-to-action.default\">\n\t\t\t\t<div class=\"elementor-widget-container\">\n\t\t\t\t\t\t\t<a class=\"elementor-cta\" href=\"https:\/\/camptournesol.ca\/fr\/summer-camp-jobs\/animateur-senior-fondations\/\">\n\t\t\t\t\t\t\t<div class=\"elementor-cta__content\">\n\t\t\t\t\n\t\t\t\t\t\t\t\t\t<h2 class=\"elementor-cta__title elementor-cta__content-item elementor-content-item\">\n\t\t\t\t\t\tCamp Program Coordinator\/Animateur Senior (Foundations)\t\t\t\t\t<\/h2>\n\t\t\t\t\n\t\t\t\t\n\t\t\t\t\t\t\t\t\t<div class=\"elementor-cta__button-wrapper elementor-cta__content-item elementor-content-item \">\n\t\t\t\t\t<span class=\"elementor-cta__button elementor-button elementor-size-\">\n\t\t\t\t\t\tEn savoir plus\t\t\t\t\t<\/span>\n\t\t\t\t\t<\/div>\n\t\t\t\t\t\t\t<\/div>\n\t\t\t\t\t\t<\/a>\n\t\t\t\t\t\t<\/div>\n\t\t\t\t<\/div>\n\t\t\t\t<\/div>\n\t\t<div class=\"elementor-element elementor-element-54e4b5b e-con-full e-flex e-con e-child\" data-id=\"54e4b5b\" data-element_type=\"container\" data-e-type=\"container\">\n\t\t\t\t<div class=\"elementor-element elementor-element-26b2151 elementor-cta--skin-classic elementor-animated-content elementor-bg-transform elementor-bg-transform-zoom-in elementor-widget elementor-widget-call-to-action\" data-id=\"26b2151\" data-element_type=\"widget\" data-e-type=\"widget\" data-widget_type=\"call-to-action.default\">\n\t\t\t\t<div class=\"elementor-widget-container\">\n\t\t\t\t\t\t\t<a class=\"elementor-cta\" href=\"https:\/\/camptournesol.ca\/fr\/summer-camp-jobs\/animateur-senior-maitrise\/\">\n\t\t\t\t\t\t\t<div class=\"elementor-cta__content\">\n\t\t\t\t\n\t\t\t\t\t\t\t\t\t<h2 class=\"elementor-cta__title elementor-cta__content-item elementor-content-item\">\n\t\t\t\t\t\tCamp Program CoordinatorAnimateur Senior (Mastery)\t\t\t\t\t<\/h2>\n\t\t\t\t\n\t\t\t\t\n\t\t\t\t\t\t\t\t\t<div class=\"elementor-cta__button-wrapper elementor-cta__content-item elementor-content-item \">\n\t\t\t\t\t<span class=\"elementor-cta__button elementor-button elementor-size-\">\n\t\t\t\t\t\tEn savoir plus\t\t\t\t\t<\/span>\n\t\t\t\t\t<\/div>\n\t\t\t\t\t\t\t<\/div>\n\t\t\t\t\t\t<\/a>\n\t\t\t\t\t\t<\/div>\n\t\t\t\t<\/div>\n\t\t\t\t<\/div>\n\t\t\t\t\t<\/div>\n\t\t\t\t<\/div>\n\t\t<div class=\"elementor-element elementor-element-704359c e-flex e-con-boxed e-con e-parent\" data-id=\"704359c\" data-element_type=\"container\" data-e-type=\"container\">\n\t\t\t\t\t<div class=\"e-con-inner\">\n\t\t<div class=\"elementor-element elementor-element-069b530 e-con-full e-flex e-con e-child\" data-id=\"069b530\" data-element_type=\"container\" data-e-type=\"container\">\n\t\t\t\t<div class=\"elementor-element elementor-element-7a0d16d elementor-cta--skin-classic elementor-animated-content elementor-bg-transform elementor-bg-transform-zoom-in elementor-widget elementor-widget-call-to-action\" data-id=\"7a0d16d\" data-element_type=\"widget\" data-e-type=\"widget\" data-widget_type=\"call-to-action.default\">\n\t\t\t\t<div class=\"elementor-widget-container\">\n\t\t\t\t\t\t\t<a class=\"elementor-cta\" href=\"https:\/\/camptournesol.ca\/fr\/summer-camp-jobs\/chef-dequipe\/\">\n\t\t\t\t\t\t\t<div class=\"elementor-cta__content\">\n\t\t\t\t\n\t\t\t\t\t\t\t\t\t<h2 class=\"elementor-cta__title elementor-cta__content-item elementor-content-item\">\n\t\t\t\t\t\tCamp Leader\/Chef d'\u00c9quipe\t\t\t\t\t<\/h2>\n\t\t\t\t\n\t\t\t\t\n\t\t\t\t\t\t\t\t\t<div class=\"elementor-cta__button-wrapper elementor-cta__content-item elementor-content-item \">\n\t\t\t\t\t<span class=\"elementor-cta__button elementor-button elementor-size-\">\n\t\t\t\t\t\tEn savoir plus\t\t\t\t\t<\/span>\n\t\t\t\t\t<\/div>\n\t\t\t\t\t\t\t<\/div>\n\t\t\t\t\t\t<\/a>\n\t\t\t\t\t\t<\/div>\n\t\t\t\t<\/div>\n\t\t\t\t<\/div>\n\t\t<div class=\"elementor-element elementor-element-b3e2883 e-con-full e-flex e-con e-child\" data-id=\"b3e2883\" data-element_type=\"container\" data-e-type=\"container\">\n\t\t\t\t<div class=\"elementor-element elementor-element-3decd28 elementor-cta--skin-classic elementor-animated-content elementor-bg-transform elementor-bg-transform-zoom-in elementor-widget elementor-widget-call-to-action\" data-id=\"3decd28\" data-element_type=\"widget\" data-e-type=\"widget\" data-widget_type=\"call-to-action.default\">\n\t\t\t\t<div class=\"elementor-widget-container\">\n\t\t\t\t\t\t\t<a class=\"elementor-cta\" href=\"https:\/\/camptournesol.ca\/fr\/summer-camp-jobs\/moniteur-monitrice\/\">\n\t\t\t\t\t\t\t<div class=\"elementor-cta__content\">\n\t\t\t\t\n\t\t\t\t\t\t\t\t\t<h2 class=\"elementor-cta__title elementor-cta__content-item elementor-content-item\">\n\t\t\t\t\t\tSummer Camp Counsellor\/Moniteur-Monitrice\t\t\t\t\t<\/h2>\n\t\t\t\t\n\t\t\t\t\n\t\t\t\t\t\t\t\t\t<div class=\"elementor-cta__button-wrapper elementor-cta__content-item elementor-content-item \">\n\t\t\t\t\t<span class=\"elementor-cta__button elementor-button elementor-size-\">\n\t\t\t\t\t\tEn savoir plus\t\t\t\t\t<\/span>\n\t\t\t\t\t<\/div>\n\t\t\t\t\t\t\t<\/div>\n\t\t\t\t\t\t<\/a>\n\t\t\t\t\t\t<\/div>\n\t\t\t\t<\/div>\n\t\t\t\t<\/div>\n\t\t\t\t\t<\/div>\n\t\t\t\t<\/div>\n\t\t<div class=\"elementor-element elementor-element-4e31824 e-flex e-con-boxed e-con e-parent\" data-id=\"4e31824\" data-element_type=\"container\" data-e-type=\"container\">\n\t\t\t\t\t<div class=\"e-con-inner\">\n\t\t<div class=\"elementor-element elementor-element-a13a215 e-con-full e-flex e-con e-child\" data-id=\"a13a215\" data-element_type=\"container\" data-e-type=\"container\">\n\t\t\t\t<div class=\"elementor-element elementor-element-6efd49a elementor-cta--skin-classic elementor-animated-content elementor-bg-transform elementor-bg-transform-zoom-in elementor-widget elementor-widget-call-to-action\" data-id=\"6efd49a\" data-element_type=\"widget\" data-e-type=\"widget\" data-widget_type=\"call-to-action.default\">\n\t\t\t\t<div class=\"elementor-widget-container\">\n\t\t\t\t\t\t\t<a class=\"elementor-cta\" href=\"https:\/\/camptournesol.ca\/summer-camp-jobs\/customer-service\/\">\n\t\t\t\t\t\t\t<div class=\"elementor-cta__content\">\n\t\t\t\t\n\t\t\t\t\t\t\t\t\t<h2 class=\"elementor-cta__title elementor-cta__content-item elementor-content-item\">\n\t\t\t\t\t\tService \u00e0 la client\u00e8le\t\t\t\t\t<\/h2>\n\t\t\t\t\n\t\t\t\t\t\t\t\t\t<div class=\"elementor-cta__description elementor-cta__content-item elementor-content-item\">\n\t\t\t\t\t\tHead Office (Embro)\t\t\t\t\t<\/div>\n\t\t\t\t\n\t\t\t\t\t\t\t\t\t<div class=\"elementor-cta__button-wrapper elementor-cta__content-item elementor-content-item \">\n\t\t\t\t\t<span class=\"elementor-cta__button elementor-button elementor-size-\">\n\t\t\t\t\t\tEn savoir plus\t\t\t\t\t<\/span>\n\t\t\t\t\t<\/div>\n\t\t\t\t\t\t\t<\/div>\n\t\t\t\t\t\t<\/a>\n\t\t\t\t\t\t<\/div>\n\t\t\t\t<\/div>\n\t\t\t\t<\/div>\n\t\t<div class=\"elementor-element elementor-element-83ed8ef e-con-full e-flex e-con e-child\" data-id=\"83ed8ef\" data-element_type=\"container\" data-e-type=\"container\">\n\t\t\t\t<div class=\"elementor-element elementor-element-3d31b51 elementor-cta--skin-classic elementor-animated-content elementor-bg-transform elementor-bg-transform-zoom-in elementor-widget elementor-widget-call-to-action\" data-id=\"3d31b51\" data-element_type=\"widget\" data-e-type=\"widget\" data-widget_type=\"call-to-action.default\">\n\t\t\t\t<div class=\"elementor-widget-container\">\n\t\t\t\t\t\t\t<a class=\"elementor-cta\" href=\"https:\/\/camptournesol.ca\/summer-camp-jobs\/volunteer-counsellor-in-training-cit\/\">\n\t\t\t\t\t\t\t<div class=\"elementor-cta__content\">\n\t\t\t\t\n\t\t\t\t\t\t\t\t\t<h2 class=\"elementor-cta__title elementor-cta__content-item elementor-content-item\">\n\t\t\t\t\t\tVolunteer Counsellor in Training (CIT) \t\t\t\t\t<\/h2>\n\t\t\t\t\n\t\t\t\t\t\t\t\t\t<div class=\"elementor-cta__description elementor-cta__content-item elementor-content-item\">\n\t\t\t\t\t\tApplications open mid-February!\t\t\t\t\t<\/div>\n\t\t\t\t\n\t\t\t\t\t\t\t\t\t<div class=\"elementor-cta__button-wrapper elementor-cta__content-item elementor-content-item \">\n\t\t\t\t\t<span class=\"elementor-cta__button elementor-button elementor-size-\">\n\t\t\t\t\t\tEn savoir plus\t\t\t\t\t<\/span>\n\t\t\t\t\t<\/div>\n\t\t\t\t\t\t\t<\/div>\n\t\t\t\t\t\t<\/a>\n\t\t\t\t\t\t<\/div>\n\t\t\t\t<\/div>\n\t\t\t\t<\/div>\n\t\t\t\t\t<\/div>\n\t\t\t\t<\/div>\n\t\t\t\t<\/div>\n\t\t","protected":false},"excerpt":{"rendered":"<p>Emplois de camp d&rsquo;\u00e9t\u00e9 Travailler au Camp Tournesol Les candidatures pour tous les postes du Camp Tournesol sont maintenant accept\u00e9es ! Cliquez sur les liens ci-dessous pour en savoir plus et soumettre votre candidature. Merci de votre int\u00e9r\u00eat pour un emploi au Camp Tournesol ! Camp Program Coordinator\/Animateur Senior (Foundations) En savoir plus Camp Program [&hellip;]<\/p>\n","protected":false},"author":2,"featured_media":31424,"parent":0,"menu_order":0,"comment_status":"closed","ping_status":"closed","template":"","meta":{"footnotes":""},"class_list":["post-31507","page","type-page","status-publish","has-post-thumbnail","hentry"],"yoast_head":"<!-- This site is optimized with the Yoast SEO Premium plugin v27.3 (Yoast SEO v27.3) - https:\/\/yoast.com\/product\/yoast-seo-premium-wordpress\/ -->\n<title>Emplois de camp d&#039;\u00e9t\u00e9 - Camp Tournesol<\/title>\n<meta name=\"description\" content=\"Rejoignez-nous pour une exp\u00e9rience de travail incroyable dans un camp d&#039;\u00e9t\u00e9\u00a0! Consultez les postes disponibles, les exigences et les qualifications ici.\" \/>\n<meta name=\"robots\" content=\"index, follow, max-snippet:-1, max-image-preview:large, max-video-preview:-1\" \/>\n<link rel=\"canonical\" href=\"https:\/\/camptournesol.ca\/fr\/summer-camp-jobs\/\" \/>\n<meta property=\"og:locale\" content=\"fr_FR\" \/>\n<meta property=\"og:type\" content=\"article\" \/>\n<meta property=\"og:title\" content=\"Emplois de camp d&#039;\u00e9t\u00e9\" \/>\n<meta property=\"og:description\" content=\"Rejoignez-nous pour une exp\u00e9rience de travail incroyable dans un camp d&#039;\u00e9t\u00e9\u00a0! Consultez les postes disponibles, les exigences et les qualifications ici.\" \/>\n<meta property=\"og:url\" content=\"https:\/\/camptournesol.ca\/fr\/summer-camp-jobs\/\" \/>\n<meta property=\"og:site_name\" content=\"Camp Tournesol\" \/>\n<meta property=\"article:publisher\" content=\"https:\/\/www.facebook.com\/camptournesol\" \/>\n<meta property=\"article:modified_time\" content=\"2026-02-16T12:34:05+00:00\" \/>\n<meta property=\"og:image\" content=\"https:\/\/camptournesol.ca\/wp-content\/uploads\/2024\/12\/PHOTO-2024-08-02-17-41-09-3-e1733788543574.jpg\" \/>\n\t<meta property=\"og:image:width\" content=\"1086\" \/>\n\t<meta property=\"og:image:height\" content=\"1086\" \/>\n\t<meta property=\"og:image:type\" content=\"image\/jpeg\" \/>\n<meta name=\"twitter:card\" content=\"summary_large_image\" \/>\n<meta name=\"twitter:label1\" content=\"Dur\u00e9e de lecture estim\u00e9e\" \/>\n\t<meta name=\"twitter:data1\" content=\"1 minute\" \/>\n<script type=\"application\/ld+json\" class=\"yoast-schema-graph\">{\"@context\":\"https:\\\/\\\/schema.org\",\"@graph\":[{\"@type\":\"WebPage\",\"@id\":\"https:\\\/\\\/camptournesol.ca\\\/fr\\\/summer-camp-jobs\\\/\",\"url\":\"https:\\\/\\\/camptournesol.ca\\\/fr\\\/summer-camp-jobs\\\/\",\"name\":\"Emplois de camp d'\u00e9t\u00e9 - Camp Tournesol\",\"isPartOf\":{\"@id\":\"https:\\\/\\\/camptournesol.ca\\\/fr\\\/#website\"},\"primaryImageOfPage\":{\"@id\":\"https:\\\/\\\/camptournesol.ca\\\/fr\\\/summer-camp-jobs\\\/#primaryimage\"},\"image\":{\"@id\":\"https:\\\/\\\/camptournesol.ca\\\/fr\\\/summer-camp-jobs\\\/#primaryimage\"},\"thumbnailUrl\":\"https:\\\/\\\/camptournesol.ca\\\/wp-content\\\/uploads\\\/2024\\\/12\\\/PHOTO-2024-08-02-17-41-09-3-e1733788543574.jpg\",\"datePublished\":\"2025-01-08T22:00:42+00:00\",\"dateModified\":\"2026-02-16T12:34:05+00:00\",\"description\":\"Rejoignez-nous pour une exp\u00e9rience de travail incroyable dans un camp d'\u00e9t\u00e9\u00a0! Consultez les postes disponibles, les exigences et les qualifications ici.\",\"breadcrumb\":{\"@id\":\"https:\\\/\\\/camptournesol.ca\\\/fr\\\/summer-camp-jobs\\\/#breadcrumb\"},\"inLanguage\":\"fr-FR\",\"potentialAction\":[{\"@type\":\"ReadAction\",\"target\":[\"https:\\\/\\\/camptournesol.ca\\\/fr\\\/summer-camp-jobs\\\/\"]}]},{\"@type\":\"ImageObject\",\"inLanguage\":\"fr-FR\",\"@id\":\"https:\\\/\\\/camptournesol.ca\\\/fr\\\/summer-camp-jobs\\\/#primaryimage\",\"url\":\"https:\\\/\\\/camptournesol.ca\\\/wp-content\\\/uploads\\\/2024\\\/12\\\/PHOTO-2024-08-02-17-41-09-3-e1733788543574.jpg\",\"contentUrl\":\"https:\\\/\\\/camptournesol.ca\\\/wp-content\\\/uploads\\\/2024\\\/12\\\/PHOTO-2024-08-02-17-41-09-3-e1733788543574.jpg\",\"width\":1086,\"height\":1086},{\"@type\":\"BreadcrumbList\",\"@id\":\"https:\\\/\\\/camptournesol.ca\\\/fr\\\/summer-camp-jobs\\\/#breadcrumb\",\"itemListElement\":[{\"@type\":\"ListItem\",\"position\":1,\"name\":\"Home\",\"item\":\"https:\\\/\\\/camptournesol.ca\\\/fr\\\/\"},{\"@type\":\"ListItem\",\"position\":2,\"name\":\"Emplois de camp d&#8217;\u00e9t\u00e9\"}]},{\"@type\":\"WebSite\",\"@id\":\"https:\\\/\\\/camptournesol.ca\\\/fr\\\/#website\",\"url\":\"https:\\\/\\\/camptournesol.ca\\\/fr\\\/\",\"name\":\"Camp Tournesol - Have Fun at Summer Camp While Improving Their French!\",\"description\":\"Summer Camp - Have Fun &amp; Improve French\",\"publisher\":{\"@id\":\"https:\\\/\\\/camptournesol.ca\\\/fr\\\/#organization\"},\"potentialAction\":[{\"@type\":\"SearchAction\",\"target\":{\"@type\":\"EntryPoint\",\"urlTemplate\":\"https:\\\/\\\/camptournesol.ca\\\/fr\\\/?s={search_term_string}\"},\"query-input\":{\"@type\":\"PropertyValueSpecification\",\"valueRequired\":true,\"valueName\":\"search_term_string\"}}],\"inLanguage\":\"fr-FR\"},{\"@type\":\"Organization\",\"@id\":\"https:\\\/\\\/camptournesol.ca\\\/fr\\\/#organization\",\"name\":\"Camp Tournesol\",\"url\":\"https:\\\/\\\/camptournesol.ca\\\/fr\\\/\",\"logo\":{\"@type\":\"ImageObject\",\"inLanguage\":\"fr-FR\",\"@id\":\"https:\\\/\\\/camptournesol.ca\\\/fr\\\/#\\\/schema\\\/logo\\\/image\\\/\",\"url\":\"https:\\\/\\\/camptournesol.ca\\\/wp-content\\\/uploads\\\/2024\\\/11\\\/CampT-Logo.png\",\"contentUrl\":\"https:\\\/\\\/camptournesol.ca\\\/wp-content\\\/uploads\\\/2024\\\/11\\\/CampT-Logo.png\",\"width\":318,\"height\":184,\"caption\":\"Camp Tournesol\"},\"image\":{\"@id\":\"https:\\\/\\\/camptournesol.ca\\\/fr\\\/#\\\/schema\\\/logo\\\/image\\\/\"},\"sameAs\":[\"https:\\\/\\\/www.facebook.com\\\/camptournesol\"],\"description\":\"Camp Tournesol is a summer camp in the Greater Toronto Area that's focused on fun, while improving their French! All French abilities are welcome.\",\"email\":\"support@camptournesol.ca\",\"telephone\":\"888-892-1889\",\"legalName\":\"Camp Tournesol Espoir\"}]}<\/script>\n<!-- \/ Yoast SEO Premium plugin. -->","yoast_head_json":{"title":"Emplois de camp d'\u00e9t\u00e9 - Camp Tournesol","description":"Rejoignez-nous pour une exp\u00e9rience de travail incroyable dans un camp d'\u00e9t\u00e9\u00a0! Consultez les postes disponibles, les exigences et les qualifications ici.","robots":{"index":"index","follow":"follow","max-snippet":"max-snippet:-1","max-image-preview":"max-image-preview:large","max-video-preview":"max-video-preview:-1"},"canonical":"https:\/\/camptournesol.ca\/fr\/summer-camp-jobs\/","og_locale":"fr_FR","og_type":"article","og_title":"Emplois de camp d'\u00e9t\u00e9","og_description":"Rejoignez-nous pour une exp\u00e9rience de travail incroyable dans un camp d'\u00e9t\u00e9\u00a0! Consultez les postes disponibles, les exigences et les qualifications ici.","og_url":"https:\/\/camptournesol.ca\/fr\/summer-camp-jobs\/","og_site_name":"Camp Tournesol","article_publisher":"https:\/\/www.facebook.com\/camptournesol","article_modified_time":"2026-02-16T12:34:05+00:00","og_image":[{"width":1086,"height":1086,"url":"https:\/\/camptournesol.ca\/wp-content\/uploads\/2024\/12\/PHOTO-2024-08-02-17-41-09-3-e1733788543574.jpg","type":"image\/jpeg"}],"twitter_card":"summary_large_image","twitter_misc":{"Dur\u00e9e de lecture estim\u00e9e":"1 minute"},"schema":{"@context":"https:\/\/schema.org","@graph":[{"@type":"WebPage","@id":"https:\/\/camptournesol.ca\/fr\/summer-camp-jobs\/","url":"https:\/\/camptournesol.ca\/fr\/summer-camp-jobs\/","name":"Emplois de camp d'\u00e9t\u00e9 - Camp Tournesol","isPartOf":{"@id":"https:\/\/camptournesol.ca\/fr\/#website"},"primaryImageOfPage":{"@id":"https:\/\/camptournesol.ca\/fr\/summer-camp-jobs\/#primaryimage"},"image":{"@id":"https:\/\/camptournesol.ca\/fr\/summer-camp-jobs\/#primaryimage"},"thumbnailUrl":"https:\/\/camptournesol.ca\/wp-content\/uploads\/2024\/12\/PHOTO-2024-08-02-17-41-09-3-e1733788543574.jpg","datePublished":"2025-01-08T22:00:42+00:00","dateModified":"2026-02-16T12:34:05+00:00","description":"Rejoignez-nous pour une exp\u00e9rience de travail incroyable dans un camp d'\u00e9t\u00e9\u00a0! Consultez les postes disponibles, les exigences et les qualifications ici.","breadcrumb":{"@id":"https:\/\/camptournesol.ca\/fr\/summer-camp-jobs\/#breadcrumb"},"inLanguage":"fr-FR","potentialAction":[{"@type":"ReadAction","target":["https:\/\/camptournesol.ca\/fr\/summer-camp-jobs\/"]}]},{"@type":"ImageObject","inLanguage":"fr-FR","@id":"https:\/\/camptournesol.ca\/fr\/summer-camp-jobs\/#primaryimage","url":"https:\/\/camptournesol.ca\/wp-content\/uploads\/2024\/12\/PHOTO-2024-08-02-17-41-09-3-e1733788543574.jpg","contentUrl":"https:\/\/camptournesol.ca\/wp-content\/uploads\/2024\/12\/PHOTO-2024-08-02-17-41-09-3-e1733788543574.jpg","width":1086,"height":1086},{"@type":"BreadcrumbList","@id":"https:\/\/camptournesol.ca\/fr\/summer-camp-jobs\/#breadcrumb","itemListElement":[{"@type":"ListItem","position":1,"name":"Home","item":"https:\/\/camptournesol.ca\/fr\/"},{"@type":"ListItem","position":2,"name":"Emplois de camp d&#8217;\u00e9t\u00e9"}]},{"@type":"WebSite","@id":"https:\/\/camptournesol.ca\/fr\/#website","url":"https:\/\/camptournesol.ca\/fr\/","name":"Camp Tournesol - Have Fun at Summer Camp While Improving Their French!","description":"Summer Camp - Have Fun &amp; Improve French","publisher":{"@id":"https:\/\/camptournesol.ca\/fr\/#organization"},"potentialAction":[{"@type":"SearchAction","target":{"@type":"EntryPoint","urlTemplate":"https:\/\/camptournesol.ca\/fr\/?s={search_term_string}"},"query-input":{"@type":"PropertyValueSpecification","valueRequired":true,"valueName":"search_term_string"}}],"inLanguage":"fr-FR"},{"@type":"Organization","@id":"https:\/\/camptournesol.ca\/fr\/#organization","name":"Camp Tournesol","url":"https:\/\/camptournesol.ca\/fr\/","logo":{"@type":"ImageObject","inLanguage":"fr-FR","@id":"https:\/\/camptournesol.ca\/fr\/#\/schema\/logo\/image\/","url":"https:\/\/camptournesol.ca\/wp-content\/uploads\/2024\/11\/CampT-Logo.png","contentUrl":"https:\/\/camptournesol.ca\/wp-content\/uploads\/2024\/11\/CampT-Logo.png","width":318,"height":184,"caption":"Camp Tournesol"},"image":{"@id":"https:\/\/camptournesol.ca\/fr\/#\/schema\/logo\/image\/"},"sameAs":["https:\/\/www.facebook.com\/camptournesol"],"description":"Camp Tournesol is a summer camp in the Greater Toronto Area that's focused on fun, while improving their French! All French abilities are welcome.","email":"support@camptournesol.ca","telephone":"888-892-1889","legalName":"Camp Tournesol Espoir"}]}},"_links":{"self":[{"href":"https:\/\/camptournesol.ca\/fr\/wp-json\/wp\/v2\/pages\/31507","targetHints":{"allow":["GET"]}}],"collection":[{"href":"https:\/\/camptournesol.ca\/fr\/wp-json\/wp\/v2\/pages"}],"about":[{"href":"https:\/\/camptournesol.ca\/fr\/wp-json\/wp\/v2\/types\/page"}],"author":[{"embeddable":true,"href":"https:\/\/camptournesol.ca\/fr\/wp-json\/wp\/v2\/users\/2"}],"replies":[{"embeddable":true,"href":"https:\/\/camptournesol.ca\/fr\/wp-json\/wp\/v2\/comments?post=31507"}],"version-history":[{"count":37,"href":"https:\/\/camptournesol.ca\/fr\/wp-json\/wp\/v2\/pages\/31507\/revisions"}],"predecessor-version":[{"id":32220,"href":"https:\/\/camptournesol.ca\/fr\/wp-json\/wp\/v2\/pages\/31507\/revisions\/32220"}],"wp:featuredmedia":[{"embeddable":true,"href":"https:\/\/camptournesol.ca\/fr\/wp-json\/wp\/v2\/media\/31424"}],"wp:attachment":[{"href":"https:\/\/camptournesol.ca\/fr\/wp-json\/wp\/v2\/media?parent=31507"}],"curies":[{"name":"wp","href":"https:\/\/api.w.org\/{rel}","templated":true}]}}