{"id":31501,"date":"2025-01-08T16:45:46","date_gmt":"2025-01-08T21:45:46","guid":{"rendered":"https:\/\/camptournesol.ca\/nous-contacter\/"},"modified":"2025-12-08T15:20:14","modified_gmt":"2025-12-08T20:20:14","slug":"nous-contacter","status":"publish","type":"page","link":"https:\/\/camptournesol.ca\/fr\/nous-contacter\/","title":{"rendered":"Nous contacter"},"content":{"rendered":"\t\t<div data-elementor-type=\"wp-page\" data-elementor-id=\"31501\" class=\"elementor elementor-31501 elementor-28988\" data-elementor-post-type=\"page\">\n\t\t\t\t<div class=\"elementor-element elementor-element-c3e7757 e-flex e-con-boxed e-con e-child\" data-id=\"c3e7757\" data-element_type=\"container\" data-e-type=\"container\" data-settings=\"{&quot;background_background&quot;:&quot;classic&quot;}\">\n\t\t\t\t\t<div class=\"e-con-inner\">\n\t\t\t\t<div class=\"elementor-element elementor-element-17b1d99 elementor-absolute elementor-widget elementor-widget-image\" data-id=\"17b1d99\" data-element_type=\"widget\" data-e-type=\"widget\" data-settings=\"{&quot;_position&quot;:&quot;absolute&quot;}\" data-widget_type=\"image.default\">\n\t\t\t\t<div class=\"elementor-widget-container\">\n\t\t\t\t\t\t\t\t\t\t\t\t\t\t\t<img decoding=\"async\" width=\"1920\" height=\"23\" src=\"https:\/\/camptournesol.ca\/wp-content\/uploads\/2024\/12\/Vector-23.png\" class=\"attachment-full size-full wp-image-31425\" alt=\"\" srcset=\"https:\/\/camptournesol.ca\/wp-content\/uploads\/2024\/12\/Vector-23.png 1920w, https:\/\/camptournesol.ca\/wp-content\/uploads\/2024\/12\/Vector-23-300x4.png 300w, https:\/\/camptournesol.ca\/wp-content\/uploads\/2024\/12\/Vector-23-1024x12.png 1024w, https:\/\/camptournesol.ca\/wp-content\/uploads\/2024\/12\/Vector-23-768x9.png 768w, https:\/\/camptournesol.ca\/wp-content\/uploads\/2024\/12\/Vector-23-1536x18.png 1536w\" sizes=\"(max-width: 1920px) 100vw, 1920px\" \/>\t\t\t\t\t\t\t\t\t\t\t\t\t\t\t<\/div>\n\t\t\t\t<\/div>\n\t\t<div class=\"elementor-element elementor-element-9ee2320 e-con-full e-flex e-con e-child\" data-id=\"9ee2320\" data-element_type=\"container\" data-e-type=\"container\" data-settings=\"{&quot;background_background&quot;:&quot;classic&quot;}\">\n\t\t\t\t<div class=\"elementor-element elementor-element-06103c8 elementor-widget elementor-widget-heading\" data-id=\"06103c8\" data-element_type=\"widget\" data-e-type=\"widget\" data-widget_type=\"heading.default\">\n\t\t\t\t<div class=\"elementor-widget-container\">\n\t\t\t\t\t<h1 class=\"elementor-heading-title elementor-size-default\">Nous contacter<\/h1>\t\t\t\t<\/div>\n\t\t\t\t<\/div>\n\t\t\t\t<\/div>\n\t\t\t\t\t<\/div>\n\t\t\t\t<\/div>\n\t\t<div class=\"elementor-element elementor-element-f728ca4 e-flex e-con-boxed e-con e-parent\" data-id=\"f728ca4\" data-element_type=\"container\" data-e-type=\"container\" data-settings=\"{&quot;background_background&quot;:&quot;classic&quot;}\">\n\t\t\t\t\t<div class=\"e-con-inner\">\n\t\t<div class=\"elementor-element elementor-element-c889b60 e-con-full e-flex e-con e-child\" data-id=\"c889b60\" data-element_type=\"container\" data-e-type=\"container\">\n\t\t\t\t<div class=\"elementor-element elementor-element-b61d471 elementor-widget elementor-widget-image\" data-id=\"b61d471\" data-element_type=\"widget\" data-e-type=\"widget\" data-widget_type=\"image.default\">\n\t\t\t\t<div class=\"elementor-widget-container\">\n\t\t\t\t\t\t\t\t\t\t\t\t\t\t\t<img fetchpriority=\"high\" decoding=\"async\" width=\"555\" height=\"573\" src=\"https:\/\/camptournesol.ca\/wp-content\/uploads\/2025\/01\/555x573-3-Campers.jpg\" class=\"attachment-large size-large wp-image-31502\" alt=\"\" srcset=\"https:\/\/camptournesol.ca\/wp-content\/uploads\/2025\/01\/555x573-3-Campers.jpg 555w, https:\/\/camptournesol.ca\/wp-content\/uploads\/2025\/01\/555x573-3-Campers-291x300.jpg 291w\" sizes=\"(max-width: 555px) 100vw, 555px\" \/>\t\t\t\t\t\t\t\t\t\t\t\t\t\t\t<\/div>\n\t\t\t\t<\/div>\n\t\t\t\t<div class=\"elementor-element elementor-element-86f373f elementor-absolute elementor-widget elementor-widget-image\" data-id=\"86f373f\" data-element_type=\"widget\" data-e-type=\"widget\" data-settings=\"{&quot;_position&quot;:&quot;absolute&quot;}\" data-widget_type=\"image.default\">\n\t\t\t\t<div class=\"elementor-widget-container\">\n\t\t\t\t\t\t\t\t\t\t\t\t\t\t\t<img decoding=\"async\" width=\"536\" height=\"536\" src=\"https:\/\/camptournesol.ca\/wp-content\/uploads\/2024\/12\/Ellipse-27.png\" class=\"attachment-large size-large wp-image-31504\" alt=\"\" srcset=\"https:\/\/camptournesol.ca\/wp-content\/uploads\/2024\/12\/Ellipse-27.png 536w, https:\/\/camptournesol.ca\/wp-content\/uploads\/2024\/12\/Ellipse-27-300x300.png 300w, https:\/\/camptournesol.ca\/wp-content\/uploads\/2024\/12\/Ellipse-27-150x150.png 150w\" sizes=\"(max-width: 536px) 100vw, 536px\" \/>\t\t\t\t\t\t\t\t\t\t\t\t\t\t\t<\/div>\n\t\t\t\t<\/div>\n\t\t\t\t<\/div>\n\t\t<div class=\"elementor-element elementor-element-6a7536b e-con-full e-flex e-con e-child\" data-id=\"6a7536b\" data-element_type=\"container\" data-e-type=\"container\">\n\t\t<div class=\"elementor-element elementor-element-4336b55 e-flex e-con-boxed e-con e-child\" data-id=\"4336b55\" data-element_type=\"container\" data-e-type=\"container\">\n\t\t\t\t\t<div class=\"e-con-inner\">\n\t\t\t\t<div class=\"elementor-element elementor-element-8e7a4ca elementor-widget__width-initial elementor-widget-mobile__width-inherit elementor-widget elementor-widget-heading\" data-id=\"8e7a4ca\" data-element_type=\"widget\" data-e-type=\"widget\" data-widget_type=\"heading.default\">\n\t\t\t\t<div class=\"elementor-widget-container\">\n\t\t\t\t\t<h3 class=\"elementor-heading-title elementor-size-default\">Restons en contact !<\/h3>\t\t\t\t<\/div>\n\t\t\t\t<\/div>\n\t\t\t\t<div class=\"elementor-element elementor-element-1888d0f elementor-widget elementor-widget-text-editor\" data-id=\"1888d0f\" data-element_type=\"widget\" data-e-type=\"widget\" data-widget_type=\"text-editor.default\">\n\t\t\t\t<div class=\"elementor-widget-container\">\n\t\t\t\t\t\t\t\t\t<p><span style=\"text-align: var(--text-align); color: var( --e-global-color-text ); font-family: var( --e-global-typography-text-font-family ), Sans-serif; font-size: var( --e-global-typography-text-font-size ); font-weight: var( --e-global-typography-text-font-weight ); letter-spacing: var( --e-global-typography-text-letter-spacing ); text-transform: var( --e-global-typography-text-text-transform );\">Envoyez-nous un courriel \u00e0 <a href=\"mailto:support@camptournesol.ca\">support@camptournesol.ca<\/a>, appelez-nous <\/span><span style=\"text-align: var(--text-align); color: var( --e-global-color-text ); font-family: var( --e-global-typography-text-font-family ), Sans-serif; font-size: var( --e-global-typography-text-font-size ); font-weight: var( --e-global-typography-text-font-weight ); letter-spacing: var( --e-global-typography-text-letter-spacing ); text-transform: var( --e-global-typography-text-text-transform );\">au <strong>888-892-1889<\/strong>, ou remplissez le formulaire ci-dessous et nous vous r\u00e9pondrons dans les plus brefs d\u00e9lais.<\/span> <\/p>\t\t\t\t\t\t\t\t<\/div>\n\t\t\t\t<\/div>\n\t\t\t\t<div class=\"elementor-element elementor-element-be1e2f2 elementor-widget elementor-widget-wpforms\" data-id=\"be1e2f2\" data-element_type=\"widget\" data-e-type=\"widget\" data-widget_type=\"wpforms.default\">\n\t\t\t\t<div class=\"elementor-widget-container\">\n\t\t\t\t\t<div class=\"wpforms-container wpforms-container-full wpforms-render-modern\" id=\"wpforms-28992\"><form id=\"wpforms-form-28992\" class=\"wpforms-validate wpforms-form wpforms-ajax-form\" data-formid=\"28992\" method=\"post\" enctype=\"multipart\/form-data\" action=\"\/fr\/wp-json\/wp\/v2\/pages\/31501\" data-token=\"957467d1895c28546345a03132feec46\" data-token-time=\"1776384994\"><noscript class=\"wpforms-error-noscript\">Veuillez activer JavaScript dans votre navigateur pour remplir ce formulaire.<\/noscript><div id=\"wpforms-error-noscript\" style=\"display: none;\">Veuillez activer JavaScript dans votre navigateur pour remplir ce formulaire.<\/div><div class=\"wpforms-field-container\"><div id=\"wpforms-28992-field_1-container\" class=\"wpforms-field wpforms-field-name\" data-field-id=\"1\"><fieldset><legend class=\"wpforms-field-label\">Name <span class=\"wpforms-required-label\" aria-hidden=\"true\">*<\/span><\/legend><div class=\"wpforms-field-row wpforms-field-medium\"><div class=\"wpforms-field-row-block wpforms-first wpforms-one-half\"><input type=\"text\" id=\"wpforms-28992-field_1\" class=\"wpforms-field-name-first wpforms-field-required\" name=\"wpforms[fields][1][first]\" aria-errormessage=\"wpforms-28992-field_1-error\" required><label for=\"wpforms-28992-field_1\" class=\"wpforms-field-sublabel after\">First<\/label><\/div><div class=\"wpforms-field-row-block wpforms-one-half\"><input type=\"text\" id=\"wpforms-28992-field_1-last\" class=\"wpforms-field-name-last wpforms-field-required\" name=\"wpforms[fields][1][last]\" aria-errormessage=\"wpforms-28992-field_1-last-error\" required><label for=\"wpforms-28992-field_1-last\" class=\"wpforms-field-sublabel after\">Last<\/label><\/div><\/div><\/fieldset><\/div><div id=\"wpforms-28992-field_2-container\" class=\"wpforms-field wpforms-field-email\" data-field-id=\"2\"><label class=\"wpforms-field-label\" for=\"wpforms-28992-field_2\">Email <span class=\"wpforms-required-label\" aria-hidden=\"true\">*<\/span><\/label><input type=\"email\" id=\"wpforms-28992-field_2\" class=\"wpforms-field-medium wpforms-field-required\" name=\"wpforms[fields][2]\" spellcheck=\"false\" aria-errormessage=\"wpforms-28992-field_2-error\" required><\/div>\t\t<div id=\"wpforms-28992-field_5-container\"\n\t\t\tclass=\"wpforms-field wpforms-field-text\"\n\t\t\tdata-field-type=\"text\"\n\t\t\tdata-field-id=\"5\"\n\t\t\t>\n\t\t\t<label class=\"wpforms-field-label\" for=\"wpforms-28992-field_5\" >Message Email Name<\/label>\n\t\t\t<input type=\"text\" id=\"wpforms-28992-field_5\" class=\"wpforms-field-medium\" name=\"wpforms[fields][5]\" >\n\t\t<\/div>\n\t\t<div id=\"wpforms-28992-field_3-container\" class=\"wpforms-field wpforms-field-phone\" data-field-id=\"3\"><label class=\"wpforms-field-label\" for=\"wpforms-28992-field_3\">Phone<\/label><input type=\"tel\" id=\"wpforms-28992-field_3\" class=\"wpforms-field-medium wpforms-smart-phone-field\" data-rule-smart-phone-field=\"true\" name=\"wpforms[fields][3]\" aria-label=\"Phone\" aria-errormessage=\"wpforms-28992-field_3-error\" ><\/div><div id=\"wpforms-28992-field_4-container\" class=\"wpforms-field wpforms-field-textarea\" data-field-id=\"4\"><label class=\"wpforms-field-label\" for=\"wpforms-28992-field_4\">Message <span class=\"wpforms-required-label\" aria-hidden=\"true\">*<\/span><\/label><textarea id=\"wpforms-28992-field_4\" class=\"wpforms-field-medium wpforms-field-required\" name=\"wpforms[fields][4]\" aria-errormessage=\"wpforms-28992-field_4-error\" required><\/textarea><\/div><script>\n\t\t\t\t( function() {\n\t\t\t\t\tconst style = document.createElement( 'style' );\n\t\t\t\t\tstyle.appendChild( document.createTextNode( '#wpforms-28992-field_5-container { position: absolute !important; overflow: hidden !important; display: inline !important; height: 1px !important; width: 1px !important; z-index: -1000 !important; padding: 0 !important; } #wpforms-28992-field_5-container input { visibility: hidden; } #wpforms-conversational-form-page #wpforms-28992-field_5-container label { counter-increment: none; }' ) );\n\t\t\t\t\tdocument.head.appendChild( style );\n\t\t\t\t\tdocument.currentScript?.remove();\n\t\t\t\t} )();\n\t\t\t<\/script><\/div><!-- .wpforms-field-container --><div class=\"wpforms-recaptcha-container wpforms-is-recaptcha wpforms-is-recaptcha-type-v3\" ><input type=\"hidden\" name=\"wpforms[recaptcha]\" value=\"\"><\/div><div class=\"wpforms-submit-container\" ><input type=\"hidden\" name=\"wpforms[id]\" value=\"28992\"><input type=\"hidden\" name=\"page_title\" value=\"\"><input type=\"hidden\" name=\"page_url\" value=\"https:\/\/camptournesol.ca\/fr\/wp-json\/wp\/v2\/pages\/31501\"><input type=\"hidden\" name=\"url_referer\" value=\"\"><button type=\"submit\" name=\"wpforms[submit]\" id=\"wpforms-submit-28992\" class=\"wpforms-submit\" data-alt-text=\"Sending...\" data-submit-text=\"Submit\" aria-live=\"assertive\" value=\"wpforms-submit\">Submit<\/button><img loading=\"lazy\" decoding=\"async\" src=\"https:\/\/camptournesol.ca\/wp-content\/plugins\/wpforms\/assets\/images\/submit-spin.svg\" class=\"wpforms-submit-spinner\" style=\"display: none;\" width=\"26\" height=\"26\" alt=\"Chargement en cours\"><\/div><\/form><\/div>  <!-- .wpforms-container -->\t\t\t\t<\/div>\n\t\t\t\t<\/div>\n\t\t\t\t\t<\/div>\n\t\t\t\t<\/div>\n\t\t\t\t<\/div>\n\t\t\t\t\t<\/div>\n\t\t\t\t<\/div>\n\t\t\t\t<\/div>\n\t\t","protected":false},"excerpt":{"rendered":"<p>Nous contacter Restons en contact ! Envoyez-nous un courriel \u00e0 support@camptournesol.ca, appelez-nous au 888-892-1889, ou remplissez le formulaire ci-dessous et nous vous r\u00e9pondrons dans les plus brefs d\u00e9lais. Please enable JavaScript in your browser to complete this form.Please enable JavaScript in your browser to complete this form. Name Email Phone Name * FirstLast Email *PhoneMessage [&hellip;]<\/p>\n","protected":false},"author":2,"featured_media":31503,"parent":0,"menu_order":0,"comment_status":"closed","ping_status":"closed","template":"","meta":{"footnotes":""},"class_list":["post-31501","page","type-page","status-publish","has-post-thumbnail","hentry"],"yoast_head":"<!-- This site is optimized with the Yoast SEO Premium plugin v27.3 (Yoast SEO v27.3) - https:\/\/yoast.com\/product\/yoast-seo-premium-wordpress\/ -->\n<title>Nous contacter - Camp Tournesol<\/title>\n<meta name=\"description\" content=\"Envoyez-nous un courriel \u00e0 support@camptournesol.ca, appelez-nous au 888-892-1889, ou remplissez le formulaire ci-dessous et nous vous r\u00e9pondrons dans les plus brefs d\u00e9lais.\" \/>\n<meta name=\"robots\" content=\"index, follow, max-snippet:-1, max-image-preview:large, max-video-preview:-1\" \/>\n<link rel=\"canonical\" href=\"https:\/\/camptournesol.ca\/fr\/nous-contacter\/\" \/>\n<meta property=\"og:locale\" content=\"fr_FR\" \/>\n<meta property=\"og:type\" content=\"article\" \/>\n<meta property=\"og:title\" content=\"Nous contacter\" \/>\n<meta property=\"og:description\" content=\"Envoyez-nous un courriel \u00e0 support@camptournesol.ca, appelez-nous au 888-892-1889, ou remplissez le formulaire ci-dessous et nous vous r\u00e9pondrons dans les plus brefs d\u00e9lais.\" \/>\n<meta property=\"og:url\" content=\"https:\/\/camptournesol.ca\/fr\/nous-contacter\/\" \/>\n<meta property=\"og:site_name\" content=\"Camp Tournesol\" \/>\n<meta property=\"article:publisher\" content=\"https:\/\/www.facebook.com\/camptournesol\" \/>\n<meta property=\"article:modified_time\" content=\"2025-12-08T20:20:14+00:00\" \/>\n<meta property=\"og:image\" content=\"https:\/\/camptournesol.ca\/wp-content\/uploads\/2025\/01\/PHOTO-2024-07-25-17-39-16-e1736546131836.jpg\" \/>\n\t<meta property=\"og:image:width\" content=\"1536\" \/>\n\t<meta property=\"og:image:height\" content=\"836\" \/>\n\t<meta property=\"og:image:type\" content=\"image\/jpeg\" \/>\n<meta name=\"twitter:card\" content=\"summary_large_image\" \/>\n<script type=\"application\/ld+json\" class=\"yoast-schema-graph\">{\"@context\":\"https:\\\/\\\/schema.org\",\"@graph\":[{\"@type\":\"WebPage\",\"@id\":\"https:\\\/\\\/camptournesol.ca\\\/fr\\\/nous-contacter\\\/\",\"url\":\"https:\\\/\\\/camptournesol.ca\\\/fr\\\/nous-contacter\\\/\",\"name\":\"Nous contacter - Camp Tournesol\",\"isPartOf\":{\"@id\":\"https:\\\/\\\/camptournesol.ca\\\/fr\\\/#website\"},\"primaryImageOfPage\":{\"@id\":\"https:\\\/\\\/camptournesol.ca\\\/fr\\\/nous-contacter\\\/#primaryimage\"},\"image\":{\"@id\":\"https:\\\/\\\/camptournesol.ca\\\/fr\\\/nous-contacter\\\/#primaryimage\"},\"thumbnailUrl\":\"https:\\\/\\\/camptournesol.ca\\\/wp-content\\\/uploads\\\/2025\\\/01\\\/PHOTO-2024-07-25-17-39-16-e1736546131836.jpg\",\"datePublished\":\"2025-01-08T21:45:46+00:00\",\"dateModified\":\"2025-12-08T20:20:14+00:00\",\"description\":\"Envoyez-nous un courriel \u00e0 support@camptournesol.ca, appelez-nous au 888-892-1889, ou remplissez le formulaire ci-dessous et nous vous r\u00e9pondrons dans les plus brefs d\u00e9lais.\",\"breadcrumb\":{\"@id\":\"https:\\\/\\\/camptournesol.ca\\\/fr\\\/nous-contacter\\\/#breadcrumb\"},\"inLanguage\":\"fr-FR\",\"potentialAction\":[{\"@type\":\"ReadAction\",\"target\":[\"https:\\\/\\\/camptournesol.ca\\\/fr\\\/nous-contacter\\\/\"]}]},{\"@type\":\"ImageObject\",\"inLanguage\":\"fr-FR\",\"@id\":\"https:\\\/\\\/camptournesol.ca\\\/fr\\\/nous-contacter\\\/#primaryimage\",\"url\":\"https:\\\/\\\/camptournesol.ca\\\/wp-content\\\/uploads\\\/2025\\\/01\\\/PHOTO-2024-07-25-17-39-16-e1736546131836.jpg\",\"contentUrl\":\"https:\\\/\\\/camptournesol.ca\\\/wp-content\\\/uploads\\\/2025\\\/01\\\/PHOTO-2024-07-25-17-39-16-e1736546131836.jpg\",\"width\":1536,\"height\":836},{\"@type\":\"BreadcrumbList\",\"@id\":\"https:\\\/\\\/camptournesol.ca\\\/fr\\\/nous-contacter\\\/#breadcrumb\",\"itemListElement\":[{\"@type\":\"ListItem\",\"position\":1,\"name\":\"Home\",\"item\":\"https:\\\/\\\/camptournesol.ca\\\/fr\\\/\"},{\"@type\":\"ListItem\",\"position\":2,\"name\":\"Nous contacter\"}]},{\"@type\":\"WebSite\",\"@id\":\"https:\\\/\\\/camptournesol.ca\\\/fr\\\/#website\",\"url\":\"https:\\\/\\\/camptournesol.ca\\\/fr\\\/\",\"name\":\"Camp Tournesol - Have Fun at Summer Camp While Improving Their French!\",\"description\":\"Summer Camp - Have Fun &amp; Improve French\",\"publisher\":{\"@id\":\"https:\\\/\\\/camptournesol.ca\\\/fr\\\/#organization\"},\"potentialAction\":[{\"@type\":\"SearchAction\",\"target\":{\"@type\":\"EntryPoint\",\"urlTemplate\":\"https:\\\/\\\/camptournesol.ca\\\/fr\\\/?s={search_term_string}\"},\"query-input\":{\"@type\":\"PropertyValueSpecification\",\"valueRequired\":true,\"valueName\":\"search_term_string\"}}],\"inLanguage\":\"fr-FR\"},{\"@type\":\"Organization\",\"@id\":\"https:\\\/\\\/camptournesol.ca\\\/fr\\\/#organization\",\"name\":\"Camp Tournesol\",\"url\":\"https:\\\/\\\/camptournesol.ca\\\/fr\\\/\",\"logo\":{\"@type\":\"ImageObject\",\"inLanguage\":\"fr-FR\",\"@id\":\"https:\\\/\\\/camptournesol.ca\\\/fr\\\/#\\\/schema\\\/logo\\\/image\\\/\",\"url\":\"https:\\\/\\\/camptournesol.ca\\\/wp-content\\\/uploads\\\/2024\\\/11\\\/CampT-Logo.png\",\"contentUrl\":\"https:\\\/\\\/camptournesol.ca\\\/wp-content\\\/uploads\\\/2024\\\/11\\\/CampT-Logo.png\",\"width\":318,\"height\":184,\"caption\":\"Camp Tournesol\"},\"image\":{\"@id\":\"https:\\\/\\\/camptournesol.ca\\\/fr\\\/#\\\/schema\\\/logo\\\/image\\\/\"},\"sameAs\":[\"https:\\\/\\\/www.facebook.com\\\/camptournesol\"],\"description\":\"Camp Tournesol is a summer camp in the Greater Toronto Area that's focused on fun, while improving their French! All French abilities are welcome.\",\"email\":\"support@camptournesol.ca\",\"telephone\":\"888-892-1889\",\"legalName\":\"Camp Tournesol Espoir\"}]}<\/script>\n<!-- \/ Yoast SEO Premium plugin. -->","yoast_head_json":{"title":"Nous contacter - Camp Tournesol","description":"Envoyez-nous un courriel \u00e0 support@camptournesol.ca, appelez-nous au 888-892-1889, ou remplissez le formulaire ci-dessous et nous vous r\u00e9pondrons dans les plus brefs d\u00e9lais.","robots":{"index":"index","follow":"follow","max-snippet":"max-snippet:-1","max-image-preview":"max-image-preview:large","max-video-preview":"max-video-preview:-1"},"canonical":"https:\/\/camptournesol.ca\/fr\/nous-contacter\/","og_locale":"fr_FR","og_type":"article","og_title":"Nous contacter","og_description":"Envoyez-nous un courriel \u00e0 support@camptournesol.ca, appelez-nous au 888-892-1889, ou remplissez le formulaire ci-dessous et nous vous r\u00e9pondrons dans les plus brefs d\u00e9lais.","og_url":"https:\/\/camptournesol.ca\/fr\/nous-contacter\/","og_site_name":"Camp Tournesol","article_publisher":"https:\/\/www.facebook.com\/camptournesol","article_modified_time":"2025-12-08T20:20:14+00:00","og_image":[{"width":1536,"height":836,"url":"https:\/\/camptournesol.ca\/wp-content\/uploads\/2025\/01\/PHOTO-2024-07-25-17-39-16-e1736546131836.jpg","type":"image\/jpeg"}],"twitter_card":"summary_large_image","schema":{"@context":"https:\/\/schema.org","@graph":[{"@type":"WebPage","@id":"https:\/\/camptournesol.ca\/fr\/nous-contacter\/","url":"https:\/\/camptournesol.ca\/fr\/nous-contacter\/","name":"Nous contacter - Camp Tournesol","isPartOf":{"@id":"https:\/\/camptournesol.ca\/fr\/#website"},"primaryImageOfPage":{"@id":"https:\/\/camptournesol.ca\/fr\/nous-contacter\/#primaryimage"},"image":{"@id":"https:\/\/camptournesol.ca\/fr\/nous-contacter\/#primaryimage"},"thumbnailUrl":"https:\/\/camptournesol.ca\/wp-content\/uploads\/2025\/01\/PHOTO-2024-07-25-17-39-16-e1736546131836.jpg","datePublished":"2025-01-08T21:45:46+00:00","dateModified":"2025-12-08T20:20:14+00:00","description":"Envoyez-nous un courriel \u00e0 support@camptournesol.ca, appelez-nous au 888-892-1889, ou remplissez le formulaire ci-dessous et nous vous r\u00e9pondrons dans les plus brefs d\u00e9lais.","breadcrumb":{"@id":"https:\/\/camptournesol.ca\/fr\/nous-contacter\/#breadcrumb"},"inLanguage":"fr-FR","potentialAction":[{"@type":"ReadAction","target":["https:\/\/camptournesol.ca\/fr\/nous-contacter\/"]}]},{"@type":"ImageObject","inLanguage":"fr-FR","@id":"https:\/\/camptournesol.ca\/fr\/nous-contacter\/#primaryimage","url":"https:\/\/camptournesol.ca\/wp-content\/uploads\/2025\/01\/PHOTO-2024-07-25-17-39-16-e1736546131836.jpg","contentUrl":"https:\/\/camptournesol.ca\/wp-content\/uploads\/2025\/01\/PHOTO-2024-07-25-17-39-16-e1736546131836.jpg","width":1536,"height":836},{"@type":"BreadcrumbList","@id":"https:\/\/camptournesol.ca\/fr\/nous-contacter\/#breadcrumb","itemListElement":[{"@type":"ListItem","position":1,"name":"Home","item":"https:\/\/camptournesol.ca\/fr\/"},{"@type":"ListItem","position":2,"name":"Nous contacter"}]},{"@type":"WebSite","@id":"https:\/\/camptournesol.ca\/fr\/#website","url":"https:\/\/camptournesol.ca\/fr\/","name":"Camp Tournesol - Have Fun at Summer Camp While Improving Their French!","description":"Summer Camp - Have Fun &amp; Improve French","publisher":{"@id":"https:\/\/camptournesol.ca\/fr\/#organization"},"potentialAction":[{"@type":"SearchAction","target":{"@type":"EntryPoint","urlTemplate":"https:\/\/camptournesol.ca\/fr\/?s={search_term_string}"},"query-input":{"@type":"PropertyValueSpecification","valueRequired":true,"valueName":"search_term_string"}}],"inLanguage":"fr-FR"},{"@type":"Organization","@id":"https:\/\/camptournesol.ca\/fr\/#organization","name":"Camp Tournesol","url":"https:\/\/camptournesol.ca\/fr\/","logo":{"@type":"ImageObject","inLanguage":"fr-FR","@id":"https:\/\/camptournesol.ca\/fr\/#\/schema\/logo\/image\/","url":"https:\/\/camptournesol.ca\/wp-content\/uploads\/2024\/11\/CampT-Logo.png","contentUrl":"https:\/\/camptournesol.ca\/wp-content\/uploads\/2024\/11\/CampT-Logo.png","width":318,"height":184,"caption":"Camp Tournesol"},"image":{"@id":"https:\/\/camptournesol.ca\/fr\/#\/schema\/logo\/image\/"},"sameAs":["https:\/\/www.facebook.com\/camptournesol"],"description":"Camp Tournesol is a summer camp in the Greater Toronto Area that's focused on fun, while improving their French! All French abilities are welcome.","email":"support@camptournesol.ca","telephone":"888-892-1889","legalName":"Camp Tournesol Espoir"}]}},"_links":{"self":[{"href":"https:\/\/camptournesol.ca\/fr\/wp-json\/wp\/v2\/pages\/31501","targetHints":{"allow":["GET"]}}],"collection":[{"href":"https:\/\/camptournesol.ca\/fr\/wp-json\/wp\/v2\/pages"}],"about":[{"href":"https:\/\/camptournesol.ca\/fr\/wp-json\/wp\/v2\/types\/page"}],"author":[{"embeddable":true,"href":"https:\/\/camptournesol.ca\/fr\/wp-json\/wp\/v2\/users\/2"}],"replies":[{"embeddable":true,"href":"https:\/\/camptournesol.ca\/fr\/wp-json\/wp\/v2\/comments?post=31501"}],"version-history":[{"count":5,"href":"https:\/\/camptournesol.ca\/fr\/wp-json\/wp\/v2\/pages\/31501\/revisions"}],"predecessor-version":[{"id":31526,"href":"https:\/\/camptournesol.ca\/fr\/wp-json\/wp\/v2\/pages\/31501\/revisions\/31526"}],"wp:featuredmedia":[{"embeddable":true,"href":"https:\/\/camptournesol.ca\/fr\/wp-json\/wp\/v2\/media\/31503"}],"wp:attachment":[{"href":"https:\/\/camptournesol.ca\/fr\/wp-json\/wp\/v2\/media?parent=31501"}],"curies":[{"name":"wp","href":"https:\/\/api.w.org\/{rel}","templated":true}]}}